{"id":12370,"date":"2024-10-18T14:23:47","date_gmt":"2024-10-18T12:23:47","guid":{"rendered":"https:\/\/clt-filmfest.scopika.com\/?page_id=12370"},"modified":"2024-11-27T15:46:29","modified_gmt":"2024-11-27T14:46:29","slug":"winners","status":"publish","type":"page","link":"https:\/\/clt-filmfest.scopika.com\/en\/winners\/","title":{"rendered":"Winners"},"content":{"rendered":"<div class=\"wpb-content-wrapper\"><p>[vc_row][vc_column]<div class=\"ult-spacer spacer-69e170f7633df\" data-id=\"69e170f7633df\" data-height=\"30\" data-height-mobile=\"30\" data-height-tab=\"30\" data-height-tab-portrait=\"\" data-height-mobile-landscape=\"\" style=\"clear:both;display:block;\"><\/div>[\/vc_column][\/vc_row][vc_row full_width=&#8221;stretch_row_content_no_spaces&#8221;][vc_column][vc_single_image image=&#8221;12437&#8243; img_size=&#8221;full&#8221; css=&#8221;.vc_custom_1732718776891{margin-bottom: 0px !important;}&#8221;][vc_column_text css=&#8221;&#8221; el_class=&#8221;bloc couleur coul-1&#8243;]<\/p>\n<h5 style=\"text-align: center;\">Visit this page on 8 February 2025 to discover the winners of the 47th edition.<\/h5>\n<p>[\/vc_column_text][\/vc_column][\/vc_row][vc_row][vc_column][vc_column_text css=&#8221;&#8221;]<\/p>\n<p class=\"p1\" style=\"text-align: center;\"><span class=\"s1\">Find the awards list of the 46th edition <a href=\"https:\/\/shortfilmwire.com\/en\/2024\/awards\" target=\"_blank\" rel=\"noopener\">here<\/a>.<\/span><\/p>\n<p>[\/vc_column_text][\/vc_column][\/vc_row]<\/p>\n<\/div>","protected":false},"excerpt":{"rendered":"<p>[vc_row][vc_column][\/vc_column][\/vc_row][vc_row full_width=&#8221;stretch_row_content_no_spaces&#8221;][vc_column][vc_single_image image=&#8221;12437&#8243; img_size=&#8221;full&#8221; css=&#8221;.vc_custom_1732718776891{margin-bottom: 0px !important;}&#8221;][vc_column_text css=&#8221;&#8221; el_class=&#8221;bloc couleur coul-1&#8243;] Visit this page on 8 February 2025 to discover the winners of the 47th edition. [\/vc_column_text][\/vc_column][\/vc_row][vc_row][vc_column][vc_column_text css=&#8221;&#8221;] Find the awards list of the 46th edition here. [\/vc_column_text][\/vc_column][\/vc_row]<\/p>\n","protected":false},"author":4,"featured_media":1371,"parent":0,"menu_order":0,"comment_status":"closed","ping_status":"closed","template":"","meta":{"_acf_changed":false,"footnotes":""},"class_list":["post-12370","page","type-page","status-publish","has-post-thumbnail","hentry"],"acf":[],"yoast_head":"<!-- This site is optimized with the Yoast SEO plugin v23.9 - https:\/\/yoast.com\/wordpress\/plugins\/seo\/ -->\n<title>Winners - Festival international du court-m\u00e9trage<\/title>\n<meta name=\"robots\" content=\"noindex, follow, max-snippet:-1, max-image-preview:large, max-video-preview:-1\" \/>\n<meta property=\"og:locale\" content=\"en_US\" \/>\n<meta property=\"og:type\" content=\"article\" \/>\n<meta property=\"og:title\" content=\"Winners - Festival international du court-m\u00e9trage\" \/>\n<meta property=\"og:description\" content=\"[vc_row][vc_column][\/vc_column][\/vc_row][vc_row full_width=&#8221;stretch_row_content_no_spaces&#8221;][vc_column][vc_single_image image=&#8221;12437&#8243; img_size=&#8221;full&#8221; css=&#8221;.vc_custom_1732718776891{margin-bottom: 0px !important;}&#8221;][vc_column_text css=&#8221;&#8221; el_class=&#8221;bloc couleur coul-1&#8243;] Visit this page on 8 February 2025 to discover the winners of the 47th edition. [\/vc_column_text][\/vc_column][\/vc_row][vc_row][vc_column][vc_column_text css=&#8221;&#8221;] Find the awards list of the 46th edition here. [\/vc_column_text][\/vc_column][\/vc_row]\" \/>\n<meta property=\"og:url\" content=\"https:\/\/clt-filmfest.scopika.com\/en\/winners\/\" \/>\n<meta property=\"og:site_name\" content=\"Festival international du court-m\u00e9trage\" \/>\n<meta property=\"article:modified_time\" content=\"2024-11-27T14:46:29+00:00\" \/>\n<meta property=\"og:image\" content=\"https:\/\/clt-filmfest.scopika.com\/wp-content\/uploads\/2024\/09\/03-Palmare\u0300s-HorsFestival\u00a9BC.jpg\" \/>\n\t<meta property=\"og:image:width\" content=\"1500\" \/>\n\t<meta property=\"og:image:height\" content=\"1000\" \/>\n\t<meta property=\"og:image:type\" content=\"image\/jpeg\" \/>\n<meta name=\"twitter:card\" content=\"summary_large_image\" \/>\n<meta name=\"twitter:label1\" content=\"Est. reading time\" \/>\n\t<meta name=\"twitter:data1\" content=\"1 minute\" \/>\n<script type=\"application\/ld+json\" class=\"yoast-schema-graph\">{\"@context\":\"https:\/\/schema.org\",\"@graph\":[{\"@type\":\"WebPage\",\"@id\":\"https:\/\/clt-filmfest.scopika.com\/en\/winners\/\",\"url\":\"https:\/\/clt-filmfest.scopika.com\/en\/winners\/\",\"name\":\"Winners - Festival international du court-m\u00e9trage\",\"isPartOf\":{\"@id\":\"https:\/\/clt-filmfest.scopika.com\/en\/#website\"},\"primaryImageOfPage\":{\"@id\":\"https:\/\/clt-filmfest.scopika.com\/en\/winners\/#primaryimage\"},\"image\":{\"@id\":\"https:\/\/clt-filmfest.scopika.com\/en\/winners\/#primaryimage\"},\"thumbnailUrl\":\"https:\/\/clt-filmfest.scopika.com\/wp-content\/uploads\/2024\/09\/03-Palmare\u0300s-HorsFestival\u00a9BC.jpg\",\"datePublished\":\"2024-10-18T12:23:47+00:00\",\"dateModified\":\"2024-11-27T14:46:29+00:00\",\"breadcrumb\":{\"@id\":\"https:\/\/clt-filmfest.scopika.com\/en\/winners\/#breadcrumb\"},\"inLanguage\":\"en-US\",\"potentialAction\":[{\"@type\":\"ReadAction\",\"target\":[\"https:\/\/clt-filmfest.scopika.com\/en\/winners\/\"]}]},{\"@type\":\"ImageObject\",\"inLanguage\":\"en-US\",\"@id\":\"https:\/\/clt-filmfest.scopika.com\/en\/winners\/#primaryimage\",\"url\":\"https:\/\/clt-filmfest.scopika.com\/wp-content\/uploads\/2024\/09\/03-Palmare\u0300s-HorsFestival\u00a9BC.jpg\",\"contentUrl\":\"https:\/\/clt-filmfest.scopika.com\/wp-content\/uploads\/2024\/09\/03-Palmare\u0300s-HorsFestival\u00a9BC.jpg\",\"width\":1500,\"height\":1000,\"caption\":\"Trois troph\u00e9es Vercing\u00e9torix sous une lumi\u00e8re bleut\u00e9e\"},{\"@type\":\"BreadcrumbList\",\"@id\":\"https:\/\/clt-filmfest.scopika.com\/en\/winners\/#breadcrumb\",\"itemListElement\":[{\"@type\":\"ListItem\",\"position\":1,\"name\":\"Home\",\"item\":\"https:\/\/clt-filmfest.scopika.com\/en\/\"},{\"@type\":\"ListItem\",\"position\":2,\"name\":\"Winners\"}]},{\"@type\":\"WebSite\",\"@id\":\"https:\/\/clt-filmfest.scopika.com\/en\/#website\",\"url\":\"https:\/\/clt-filmfest.scopika.com\/en\/\",\"name\":\"Festival international du court-m\u00e9trage\",\"description\":\"Le slogan du site\",\"potentialAction\":[{\"@type\":\"SearchAction\",\"target\":{\"@type\":\"EntryPoint\",\"urlTemplate\":\"https:\/\/clt-filmfest.scopika.com\/en\/?s={search_term_string}\"},\"query-input\":{\"@type\":\"PropertyValueSpecification\",\"valueRequired\":true,\"valueName\":\"search_term_string\"}}],\"inLanguage\":\"en-US\"}]}<\/script>\n<!-- \/ Yoast SEO plugin. -->","yoast_head_json":{"title":"Winners - Festival international du court-m\u00e9trage","robots":{"index":"noindex","follow":"follow","max-snippet":"max-snippet:-1","max-image-preview":"max-image-preview:large","max-video-preview":"max-video-preview:-1"},"og_locale":"en_US","og_type":"article","og_title":"Winners - Festival international du court-m\u00e9trage","og_description":"[vc_row][vc_column][\/vc_column][\/vc_row][vc_row full_width=&#8221;stretch_row_content_no_spaces&#8221;][vc_column][vc_single_image image=&#8221;12437&#8243; img_size=&#8221;full&#8221; css=&#8221;.vc_custom_1732718776891{margin-bottom: 0px !important;}&#8221;][vc_column_text css=&#8221;&#8221; el_class=&#8221;bloc couleur coul-1&#8243;] Visit this page on 8 February 2025 to discover the winners of the 47th edition. [\/vc_column_text][\/vc_column][\/vc_row][vc_row][vc_column][vc_column_text css=&#8221;&#8221;] Find the awards list of the 46th edition here. [\/vc_column_text][\/vc_column][\/vc_row]","og_url":"https:\/\/clt-filmfest.scopika.com\/en\/winners\/","og_site_name":"Festival international du court-m\u00e9trage","article_modified_time":"2024-11-27T14:46:29+00:00","og_image":[{"width":1500,"height":1000,"url":"https:\/\/clt-filmfest.scopika.com\/wp-content\/uploads\/2024\/09\/03-Palmare\u0300s-HorsFestival\u00a9BC.jpg","type":"image\/jpeg"}],"twitter_card":"summary_large_image","twitter_misc":{"Est. reading time":"1 minute"},"schema":{"@context":"https:\/\/schema.org","@graph":[{"@type":"WebPage","@id":"https:\/\/clt-filmfest.scopika.com\/en\/winners\/","url":"https:\/\/clt-filmfest.scopika.com\/en\/winners\/","name":"Winners - Festival international du court-m\u00e9trage","isPartOf":{"@id":"https:\/\/clt-filmfest.scopika.com\/en\/#website"},"primaryImageOfPage":{"@id":"https:\/\/clt-filmfest.scopika.com\/en\/winners\/#primaryimage"},"image":{"@id":"https:\/\/clt-filmfest.scopika.com\/en\/winners\/#primaryimage"},"thumbnailUrl":"https:\/\/clt-filmfest.scopika.com\/wp-content\/uploads\/2024\/09\/03-Palmare\u0300s-HorsFestival\u00a9BC.jpg","datePublished":"2024-10-18T12:23:47+00:00","dateModified":"2024-11-27T14:46:29+00:00","breadcrumb":{"@id":"https:\/\/clt-filmfest.scopika.com\/en\/winners\/#breadcrumb"},"inLanguage":"en-US","potentialAction":[{"@type":"ReadAction","target":["https:\/\/clt-filmfest.scopika.com\/en\/winners\/"]}]},{"@type":"ImageObject","inLanguage":"en-US","@id":"https:\/\/clt-filmfest.scopika.com\/en\/winners\/#primaryimage","url":"https:\/\/clt-filmfest.scopika.com\/wp-content\/uploads\/2024\/09\/03-Palmare\u0300s-HorsFestival\u00a9BC.jpg","contentUrl":"https:\/\/clt-filmfest.scopika.com\/wp-content\/uploads\/2024\/09\/03-Palmare\u0300s-HorsFestival\u00a9BC.jpg","width":1500,"height":1000,"caption":"Trois troph\u00e9es Vercing\u00e9torix sous une lumi\u00e8re bleut\u00e9e"},{"@type":"BreadcrumbList","@id":"https:\/\/clt-filmfest.scopika.com\/en\/winners\/#breadcrumb","itemListElement":[{"@type":"ListItem","position":1,"name":"Home","item":"https:\/\/clt-filmfest.scopika.com\/en\/"},{"@type":"ListItem","position":2,"name":"Winners"}]},{"@type":"WebSite","@id":"https:\/\/clt-filmfest.scopika.com\/en\/#website","url":"https:\/\/clt-filmfest.scopika.com\/en\/","name":"Festival international du court-m\u00e9trage","description":"Le slogan du site","potentialAction":[{"@type":"SearchAction","target":{"@type":"EntryPoint","urlTemplate":"https:\/\/clt-filmfest.scopika.com\/en\/?s={search_term_string}"},"query-input":{"@type":"PropertyValueSpecification","valueRequired":true,"valueName":"search_term_string"}}],"inLanguage":"en-US"}]}},"_links":{"self":[{"href":"https:\/\/clt-filmfest.scopika.com\/en\/wp-json\/wp\/v2\/pages\/12370","targetHints":{"allow":["GET"]}}],"collection":[{"href":"https:\/\/clt-filmfest.scopika.com\/en\/wp-json\/wp\/v2\/pages"}],"about":[{"href":"https:\/\/clt-filmfest.scopika.com\/en\/wp-json\/wp\/v2\/types\/page"}],"author":[{"embeddable":true,"href":"https:\/\/clt-filmfest.scopika.com\/en\/wp-json\/wp\/v2\/users\/4"}],"replies":[{"embeddable":true,"href":"https:\/\/clt-filmfest.scopika.com\/en\/wp-json\/wp\/v2\/comments?post=12370"}],"version-history":[{"count":6,"href":"https:\/\/clt-filmfest.scopika.com\/en\/wp-json\/wp\/v2\/pages\/12370\/revisions"}],"predecessor-version":[{"id":16294,"href":"https:\/\/clt-filmfest.scopika.com\/en\/wp-json\/wp\/v2\/pages\/12370\/revisions\/16294"}],"wp:featuredmedia":[{"embeddable":true,"href":"https:\/\/clt-filmfest.scopika.com\/en\/wp-json\/wp\/v2\/media\/1371"}],"wp:attachment":[{"href":"https:\/\/clt-filmfest.scopika.com\/en\/wp-json\/wp\/v2\/media?parent=12370"}],"curies":[{"name":"wp","href":"https:\/\/api.w.org\/{rel}","templated":true}]}}