{"id":14587,"date":"2024-11-15T11:54:36","date_gmt":"2024-11-15T10:54:36","guid":{"rendered":"https:\/\/clt-filmfest.scopika.com\/?page_id=14587"},"modified":"2024-12-01T23:02:05","modified_gmt":"2024-12-01T22:02:05","slug":"euro-connection","status":"publish","type":"page","link":"https:\/\/clt-filmfest.scopika.com\/en\/industry-events\/euro-connection\/","title":{"rendered":"Euro Connection"},"content":{"rendered":"<div class=\"wpb-content-wrapper\"><p>[vc_row full_width=&#8221;stretch_row_content_no_spaces&#8221; equal_height=&#8221;yes&#8221; rtl_reverse=&#8221;yes&#8221;][vc_column width=&#8221;1\/12&#8243;][\/vc_column][vc_column width=&#8221;1\/6&#8243; el_class=&#8221;colonne-infos&#8221;][vc_column_text css=&#8221;.vc_custom_1732895298709{margin-bottom: 15px !important;}&#8221;]<\/p>\n<h2>Info<\/h2>\n<p>[\/vc_column_text][vc_column_text css=&#8221;.vc_custom_1732466696200{margin-bottom: 15px !important;}&#8221; el_class=&#8221;horaires&#8221;]Tuesday 4 &gt; Wednesday 5 February 2025<br \/>\n09:00 \u2013 19:00[\/vc_column_text][vc_column_text css=&#8221;.vc_custom_1731935687561{margin-bottom: 15px !important;}&#8221; el_class=&#8221;info&#8221;]Reserved for accredited professionals[\/vc_column_text][vc_column_text css=&#8221;.vc_custom_1732780480681{margin-bottom: 15px !important;}&#8221; el_class=&#8221;adresse&#8221;]<b>Oceania Hotel<\/b><br \/>\n82 boulevard Fran\u00e7ois-Mitterrand<br \/>\n63000 Clermont-Ferrand[\/vc_column_text]<div class=\"ult-spacer spacer-69e2b98635378\" data-id=\"69e2b98635378\" data-height=\"30\" data-height-mobile=\"30\" data-height-tab=\"30\" data-height-tab-portrait=\"\" data-height-mobile-landscape=\"\" style=\"clear:both;display:block;\"><\/div>[vc_btn title=&#8221;See on a map&#8221; shape=&#8221;square&#8221; color=&#8221;default&#8221; align=&#8221;center&#8221; css=&#8221;&#8221; button_block=&#8221;true&#8221; link=&#8221;url:https%3A%2F%2Fmaps.app.goo.gl%2FouVbwKXQY8S9d6xE7|target:_blank&#8221; el_class=&#8221;bouton coul-1 petit&#8221;][vc_btn title=&#8221;Festival &amp; market venues&#8221; shape=&#8221;square&#8221; color=&#8221;default&#8221; align=&#8221;center&#8221; css=&#8221;&#8221; button_block=&#8221;true&#8221; link=&#8221;url:https%3A%2F%2Fclt-filmfest.scopika.com%2Fen%2Ffestival-market-venues%2F|title:Lieux%20du%20Festival%20et%20du%20March%C3%A9|target:_blank&#8221; el_class=&#8221;bouton coul-2 petit&#8221;]<div class=\"ult-spacer spacer-69e2b986353be\" data-id=\"69e2b986353be\" data-height=\"30\" data-height-mobile=\"30\" data-height-tab=\"30\" data-height-tab-portrait=\"\" data-height-mobile-landscape=\"\" style=\"clear:both;display:block;\"><\/div>[vc_column_text css=&#8221;.vc_custom_1728916288143{margin-bottom: 15px !important;}&#8221;]<\/p>\n<h2>Contact<\/h2>\n<p>[\/vc_column_text][vc_column_text css=&#8221;.vc_custom_1729104134904{margin-bottom: 15px !important;}&#8221; el_class=&#8221;mail&#8221;]<a href=\"mailto:euroconnection@clermont-filmfest.org\">euroconnection@clermont-filmfest.org<\/a>[\/vc_column_text][vc_column_text css=&#8221;.vc_custom_1729611126741{margin-bottom: 15px !important;}&#8221; el_class=&#8221;telephone&#8221;]04 73 14 73 22[\/vc_column_text][\/vc_column][vc_column width=&#8221;1\/12&#8243;][\/vc_column][vc_column width=&#8221;8\/12&#8243;][vc_row_inner content_placement=&#8221;middle&#8221; gap=&#8221;15&#8243; css=&#8221;.vc_custom_1727092995924{margin-right: 90px !important;margin-left: 0px !important;background-color: #FFFFFF !important;}&#8221;][vc_column_inner css=&#8221;.vc_custom_1727099451132{padding-top: 0px !important;}&#8221;][vc_column_text css=&#8221;&#8221;]<\/p>\n<h2>Euro Connection is the main platform for the\u00a0<strong>coproduction<\/strong> of short films<\/h2>\n<p>[\/vc_column_text][vc_column_text css=&#8221;&#8221; el_class=&#8221;infos&#8221;]<strong>Euro Connection<\/strong> is the co-production event for short films. The aim of these meetings is to stimulate partnerships between European and international production companies, financiers and broadcasters around short film projects. The next edition will take place on <strong>Tuesday February 4 and Wednesday February 5, 2025, <\/strong>and will feature project pitch sessions, informal exchanges between producers and participants, and personalized appointments&#8230;<\/p>\n<p><strong>The call for projects for our 2025 edition is now open for pitch sessions on Tuesday 4 February 2025 from 09:30 to 13:00 at Oceania Hotel, for producers, distributors and TV buyers or platforms.<\/strong>[\/vc_column_text][\/vc_column_inner][\/vc_row_inner][vc_row_inner content_placement=&#8221;middle&#8221; gap=&#8221;15&#8243; css=&#8221;.vc_custom_1727092995924{margin-right: 90px !important;margin-left: 0px !important;background-color: #FFFFFF !important;}&#8221;][vc_column_inner css=&#8221;.vc_custom_1727099451132{padding-top: 0px !important;}&#8221;][vc_separator border_width=&#8221;2&#8243; css=&#8221;&#8221;][vc_column_text css=&#8221;.vc_custom_1731936111153{margin-bottom: 0px !important;}&#8221; el_class=&#8221;bloc clair&#8221;]<strong>NEW: XR makes its debut at Euro Connection<\/strong><\/p>\n<div class=\"page\" title=\"Page 3\">\n<div class=\"section\">\n<div class=\"section\">\n<div class=\"layoutArea\">\n<div class=\"column\">\n<p>A series of XR projects will be presented as part of Euro Connection. Producers wishing to respond to this call are invited to apply via the <a href=\"https:\/\/t.ly\/xHxSp\">dedicated form<\/a>.<\/p>\n<p>AR\/VR\/XR projects are eligible:<\/p>\n<ul>\n<li>with a maximum running time of 45 minutes;<\/li>\n<li>presented by a production company based in the European Union;<\/li>\n<li>with initial\/partial* financing;<\/li>\n<li>not due to go into production before June 2025.<\/li>\n<\/ul>\n<p>The selection committee appointed by the organizers will select up to 4 XR projects.<\/p>\n<\/div>\n<\/div>\n<\/div>\n<\/div>\n<\/div>\n<p>[\/vc_column_text][\/vc_column_inner][\/vc_row_inner][vc_row_inner][vc_column_inner width=&#8221;1\/2&#8243;][vc_btn title=&#8221;2024 Registrations&#8221; shape=&#8221;square&#8221; css=&#8221;&#8221; link=&#8221;url:https%3A%2F%2Fmy.weezevent.com%2Fec24|target:_blank&#8221; el_class=&#8221;bouton coul-3 fleche&#8221;][\/vc_column_inner][vc_column_inner width=&#8221;1\/2&#8243;][vc_btn title=&#8221;2024 Project Booklet&#8221; shape=&#8221;square&#8221; css=&#8221;&#8221; link=&#8221;url:https%3A%2F%2Fclt-filmfest.scopika.com%2Fwp-content%2Fuploads%2F2024%2F10%2FSQP2024-Euroconnection-Catalogue-Interactif-light.pdf|target:_blank&#8221; el_class=&#8221;bouton coul-3 fleche&#8221;][\/vc_column_inner][\/vc_row_inner][vc_single_image image=&#8221;9505&#8243; img_size=&#8221;large&#8221; alignment=&#8221;center&#8221; css=&#8221;&#8221;][vc_column_text css=&#8221;&#8221;]If you would like to <strong>meet the project leaders or focus producers at the one-on-one meetings on Wednesday, February 5 from 10 a.m. to 5 p.m.<\/strong>, you can book an appointment by contacting <a href=\"mailto:l.crouzeix@clermont-filmfest.org\">Laurent Crouzeix<\/a>.[\/vc_column_text][vc_column_text css=&#8221;&#8221;]The 12 projects selected to be pitched at Euro Connection 2024 are :<\/p>\n<ul>\n<li><strong><em>Air Horse One<\/em><\/strong><strong>, Lasse Linder \u2013 Irland<\/strong><\/li>\n<li><strong><em>Holy Sunday<\/em><\/strong><strong>, Gorana Jovanovi\u0107 \u2013 Croatia<\/strong><\/li>\n<li><strong><em>Last Day of the Universe<\/em><\/strong><strong>, Alexandros Papathanasopoulos \u2013 Grece<\/strong><\/li>\n<li><strong><em>I Don\u2019t Kiss<\/em><\/strong><strong>, Alina Panasenko &#8211; Ukraine<\/strong><\/li>\n<li><strong><em>Normal,<\/em><\/strong><strong> Vero Basku &amp; Eva Moreno \u2013 Spain<\/strong><\/li>\n<li><strong><em>Bras Cass\u00e9<\/em><\/strong><strong>, Thomas Baudre \u2013 France<\/strong><\/li>\n<li><strong><em>Period Drama<\/em><\/strong><strong><strong>, Michaela Mihalyi \u2013 <\/strong><\/strong><strong>Czech Republic<\/strong><\/li>\n<li><strong><em>Our Father<\/em><\/strong><strong>, Marin Cumatrenco \u2013 Moldavia<\/strong><\/li>\n<li><strong><em>Out<\/em><\/strong><strong>, Kristijonas Dirs\u0117 \u2013 Lithuania<\/strong><\/li>\n<li><strong><em>(Un)becoming<\/em><\/strong><strong>, Ivana Vogrinc Vidali \u2013 Slovenia<\/strong><\/li>\n<li><strong><em>Marci Is Doing Fine<\/em><\/strong><strong>, B\u00e1lint Dezs\u0151\u00a0 \u2013 Hungary<\/strong><\/li>\n<li><strong><em>Mercy,<\/em><\/strong><strong> Hedda Mj\u00f8en &#8211; Norway<\/strong><\/li>\n<\/ul>\n<p>[\/vc_column_text][vc_single_image image=&#8221;9507&#8243; img_size=&#8221;1920&#215;600&#8243; alignment=&#8221;center&#8221; css=&#8221;&#8221;][vc_column_text css=&#8221;&#8221;]Euro Connection focuses on the following areas:<\/p>\n<ul>\n<li>Scenario consultation (online, mid-December 2024)<\/li>\n<li>Pitch training workshop (Monday, February 3, 2025)<\/li>\n<li>Pitch sessions (Tuesday, February 4, 2025)<\/li>\n<li>Informal discussions between producers and participants<\/li>\n<li>Personalized one-to-one meetings (Wednesday, February 5, 2025)<\/li>\n<\/ul>\n<p>150 professionals take part in Euro Connection every year.<\/p>\n<p><strong>In the first 15 editions, 110 films were completed, including 61 international co-productions.<\/strong>[\/vc_column_text][vc_column_text css=&#8221;&#8221;]Euro Connection is organized by Sauve Qui Peut le Court M\u00e9trage, as part of the March\u00e9 du Film Court, in association with the <a href=\"https:\/\/relais-culture-europe.eu\/fr\/le-programme-europe-creative\" target=\"_blank\" rel=\"noopener\">Bureau Europe Cr\u00e9ative MEDIA France<\/a>\u00a0and the <a href=\"http:\/\/www.cnc.fr\/\" target=\"_blank\" rel=\"noopener\">Centre national du cin\u00e9ma et de l\u2019image anim\u00e9e<\/a>, and with the support of the MEDIA program and PROCIREP.<\/p>\n<p>Consult <a href=\"https:\/\/www.cineuropa.org\/Files\/2009\/02\/20\/1235135071393.pdf\" target=\"_blank\" rel=\"noopener\">the Guide <\/a>des structures d&#8217;aide \u00e0 la production de courts m\u00e9trages en Europe published by the Europe Cr\u00e9ative MEDIA France office.[\/vc_column_text][\/vc_column][\/vc_row][vc_row content_placement=&#8221;middle&#8221;][vc_column width=&#8221;1\/3&#8243;][\/vc_column][vc_column width=&#8221;1\/6&#8243;][vc_single_image image=&#8221;9518&#8243; img_size=&#8221;large&#8221; alignment=&#8221;center&#8221; onclick=&#8221;custom_link&#8221; img_link_target=&#8221;_blank&#8221; css=&#8221;&#8221; link=&#8221;https:\/\/culture.ec.europa.eu\/fr\/creative-europe\/creative-europe-media-strand&#8221;][\/vc_column][vc_column width=&#8221;1\/6&#8243;][vc_single_image image=&#8221;9520&#8243; img_size=&#8221;large&#8221; alignment=&#8221;center&#8221; onclick=&#8221;custom_link&#8221; img_link_target=&#8221;_blank&#8221; css=&#8221;&#8221; link=&#8221;https:\/\/www.procirep.fr\/&#8221;][\/vc_column][vc_column width=&#8221;1\/3&#8243;][\/vc_column][\/vc_row][vc_row][vc_column]<div class=\"ult-spacer spacer-69e2b986353e4\" data-id=\"69e2b986353e4\" data-height=\"30\" data-height-mobile=\"30\" data-height-tab=\"30\" data-height-tab-portrait=\"\" data-height-mobile-landscape=\"\" style=\"clear:both;display:block;\"><\/div>[\/vc_column][\/vc_row]<\/p>\n<\/div>","protected":false},"excerpt":{"rendered":"<p>[vc_row full_width=&#8221;stretch_row_content_no_spaces&#8221; equal_height=&#8221;yes&#8221; rtl_reverse=&#8221;yes&#8221;][vc_column width=&#8221;1\/12&#8243;][\/vc_column][vc_column width=&#8221;1\/6&#8243; el_class=&#8221;colonne-infos&#8221;][vc_column_text css=&#8221;.vc_custom_1732895298709{margin-bottom: 15px !important;}&#8221;] Info [\/vc_column_text][vc_column_text css=&#8221;.vc_custom_1732466696200{margin-bottom: 15px !important;}&#8221; el_class=&#8221;horaires&#8221;]Tuesday 4 &gt; Wednesday 5 February 2025 09:00 \u2013 19:00[\/vc_column_text][vc_column_text css=&#8221;.vc_custom_1731935687561{margin-bottom: 15px !important;}&#8221; el_class=&#8221;info&#8221;]Reserved for accredited professionals[\/vc_column_text][vc_column_text css=&#8221;.vc_custom_1732780480681{margin-bottom: 15px !important;}&#8221; el_class=&#8221;adresse&#8221;]Oceania Hotel 82 boulevard Fran\u00e7ois-Mitterrand 63000 Clermont-Ferrand[\/vc_column_text][vc_btn title=&#8221;See on a map&#8221; shape=&#8221;square&#8221; color=&#8221;default&#8221; align=&#8221;center&#8221; css=&#8221;&#8221; button_block=&#8221;true&#8221; link=&#8221;url:https%3A%2F%2Fmaps.app.goo.gl%2FouVbwKXQY8S9d6xE7|target:_blank&#8221; el_class=&#8221;bouton coul-1 petit&#8221;][vc_btn [&hellip;]<\/p>\n","protected":false},"author":2,"featured_media":0,"parent":37606,"menu_order":0,"comment_status":"closed","ping_status":"closed","template":"","meta":{"_acf_changed":false,"footnotes":""},"class_list":["post-14587","page","type-page","status-publish","hentry"],"acf":[],"yoast_head":"<!-- This site is optimized with the Yoast SEO plugin v23.9 - https:\/\/yoast.com\/wordpress\/plugins\/seo\/ -->\n<title>Euro Connection - Festival international du court-m\u00e9trage<\/title>\n<meta name=\"robots\" content=\"noindex, follow, max-snippet:-1, max-image-preview:large, max-video-preview:-1\" \/>\n<meta property=\"og:locale\" content=\"en_US\" \/>\n<meta property=\"og:type\" content=\"article\" \/>\n<meta property=\"og:title\" content=\"Euro Connection - Festival international du court-m\u00e9trage\" \/>\n<meta property=\"og:description\" content=\"[vc_row full_width=&#8221;stretch_row_content_no_spaces&#8221; equal_height=&#8221;yes&#8221; rtl_reverse=&#8221;yes&#8221;][vc_column width=&#8221;1\/12&#8243;][\/vc_column][vc_column width=&#8221;1\/6&#8243; el_class=&#8221;colonne-infos&#8221;][vc_column_text css=&#8221;.vc_custom_1732895298709{margin-bottom: 15px !important;}&#8221;] Info [\/vc_column_text][vc_column_text css=&#8221;.vc_custom_1732466696200{margin-bottom: 15px !important;}&#8221; el_class=&#8221;horaires&#8221;]Tuesday 4 &gt; Wednesday 5 February 2025 09:00 \u2013 19:00[\/vc_column_text][vc_column_text css=&#8221;.vc_custom_1731935687561{margin-bottom: 15px !important;}&#8221; el_class=&#8221;info&#8221;]Reserved for accredited professionals[\/vc_column_text][vc_column_text css=&#8221;.vc_custom_1732780480681{margin-bottom: 15px !important;}&#8221; el_class=&#8221;adresse&#8221;]Oceania Hotel 82 boulevard Fran\u00e7ois-Mitterrand 63000 Clermont-Ferrand[\/vc_column_text][vc_btn title=&#8221;See on a map&#8221; shape=&#8221;square&#8221; color=&#8221;default&#8221; align=&#8221;center&#8221; css=&#8221;&#8221; button_block=&#8221;true&#8221; link=&#8221;url:https%3A%2F%2Fmaps.app.goo.gl%2FouVbwKXQY8S9d6xE7|target:_blank&#8221; el_class=&#8221;bouton coul-1 petit&#8221;][vc_btn [&hellip;]\" \/>\n<meta property=\"og:url\" content=\"https:\/\/clt-filmfest.scopika.com\/en\/industry-events\/euro-connection\/\" \/>\n<meta property=\"og:site_name\" content=\"Festival international du court-m\u00e9trage\" \/>\n<meta property=\"article:modified_time\" content=\"2024-12-01T22:02:05+00:00\" \/>\n<meta name=\"twitter:card\" content=\"summary_large_image\" \/>\n<meta name=\"twitter:label1\" content=\"Est. reading time\" \/>\n\t<meta name=\"twitter:data1\" content=\"4 minutes\" \/>\n<script type=\"application\/ld+json\" class=\"yoast-schema-graph\">{\"@context\":\"https:\/\/schema.org\",\"@graph\":[{\"@type\":\"WebPage\",\"@id\":\"https:\/\/clt-filmfest.scopika.com\/en\/industry-events\/euro-connection\/\",\"url\":\"https:\/\/clt-filmfest.scopika.com\/en\/industry-events\/euro-connection\/\",\"name\":\"Euro Connection - Festival international du court-m\u00e9trage\",\"isPartOf\":{\"@id\":\"https:\/\/clt-filmfest.scopika.com\/en\/#website\"},\"datePublished\":\"2024-11-15T10:54:36+00:00\",\"dateModified\":\"2024-12-01T22:02:05+00:00\",\"breadcrumb\":{\"@id\":\"https:\/\/clt-filmfest.scopika.com\/en\/industry-events\/euro-connection\/#breadcrumb\"},\"inLanguage\":\"en-US\",\"potentialAction\":[{\"@type\":\"ReadAction\",\"target\":[\"https:\/\/clt-filmfest.scopika.com\/en\/industry-events\/euro-connection\/\"]}]},{\"@type\":\"BreadcrumbList\",\"@id\":\"https:\/\/clt-filmfest.scopika.com\/en\/industry-events\/euro-connection\/#breadcrumb\",\"itemListElement\":[{\"@type\":\"ListItem\",\"position\":1,\"name\":\"Home\",\"item\":\"https:\/\/clt-filmfest.scopika.com\/en\/\"},{\"@type\":\"ListItem\",\"position\":2,\"name\":\"Industry events\",\"item\":\"https:\/\/clt-filmfest.scopika.com\/en\/industry-events\/\"},{\"@type\":\"ListItem\",\"position\":3,\"name\":\"Euro Connection\"}]},{\"@type\":\"WebSite\",\"@id\":\"https:\/\/clt-filmfest.scopika.com\/en\/#website\",\"url\":\"https:\/\/clt-filmfest.scopika.com\/en\/\",\"name\":\"Festival international du court-m\u00e9trage\",\"description\":\"Le slogan du site\",\"potentialAction\":[{\"@type\":\"SearchAction\",\"target\":{\"@type\":\"EntryPoint\",\"urlTemplate\":\"https:\/\/clt-filmfest.scopika.com\/en\/?s={search_term_string}\"},\"query-input\":{\"@type\":\"PropertyValueSpecification\",\"valueRequired\":true,\"valueName\":\"search_term_string\"}}],\"inLanguage\":\"en-US\"}]}<\/script>\n<!-- \/ Yoast SEO plugin. -->","yoast_head_json":{"title":"Euro Connection - Festival international du court-m\u00e9trage","robots":{"index":"noindex","follow":"follow","max-snippet":"max-snippet:-1","max-image-preview":"max-image-preview:large","max-video-preview":"max-video-preview:-1"},"og_locale":"en_US","og_type":"article","og_title":"Euro Connection - Festival international du court-m\u00e9trage","og_description":"[vc_row full_width=&#8221;stretch_row_content_no_spaces&#8221; equal_height=&#8221;yes&#8221; rtl_reverse=&#8221;yes&#8221;][vc_column width=&#8221;1\/12&#8243;][\/vc_column][vc_column width=&#8221;1\/6&#8243; el_class=&#8221;colonne-infos&#8221;][vc_column_text css=&#8221;.vc_custom_1732895298709{margin-bottom: 15px !important;}&#8221;] Info [\/vc_column_text][vc_column_text css=&#8221;.vc_custom_1732466696200{margin-bottom: 15px !important;}&#8221; el_class=&#8221;horaires&#8221;]Tuesday 4 &gt; Wednesday 5 February 2025 09:00 \u2013 19:00[\/vc_column_text][vc_column_text css=&#8221;.vc_custom_1731935687561{margin-bottom: 15px !important;}&#8221; el_class=&#8221;info&#8221;]Reserved for accredited professionals[\/vc_column_text][vc_column_text css=&#8221;.vc_custom_1732780480681{margin-bottom: 15px !important;}&#8221; el_class=&#8221;adresse&#8221;]Oceania Hotel 82 boulevard Fran\u00e7ois-Mitterrand 63000 Clermont-Ferrand[\/vc_column_text][vc_btn title=&#8221;See on a map&#8221; shape=&#8221;square&#8221; color=&#8221;default&#8221; align=&#8221;center&#8221; css=&#8221;&#8221; button_block=&#8221;true&#8221; link=&#8221;url:https%3A%2F%2Fmaps.app.goo.gl%2FouVbwKXQY8S9d6xE7|target:_blank&#8221; el_class=&#8221;bouton coul-1 petit&#8221;][vc_btn [&hellip;]","og_url":"https:\/\/clt-filmfest.scopika.com\/en\/industry-events\/euro-connection\/","og_site_name":"Festival international du court-m\u00e9trage","article_modified_time":"2024-12-01T22:02:05+00:00","twitter_card":"summary_large_image","twitter_misc":{"Est. reading time":"4 minutes"},"schema":{"@context":"https:\/\/schema.org","@graph":[{"@type":"WebPage","@id":"https:\/\/clt-filmfest.scopika.com\/en\/industry-events\/euro-connection\/","url":"https:\/\/clt-filmfest.scopika.com\/en\/industry-events\/euro-connection\/","name":"Euro Connection - Festival international du court-m\u00e9trage","isPartOf":{"@id":"https:\/\/clt-filmfest.scopika.com\/en\/#website"},"datePublished":"2024-11-15T10:54:36+00:00","dateModified":"2024-12-01T22:02:05+00:00","breadcrumb":{"@id":"https:\/\/clt-filmfest.scopika.com\/en\/industry-events\/euro-connection\/#breadcrumb"},"inLanguage":"en-US","potentialAction":[{"@type":"ReadAction","target":["https:\/\/clt-filmfest.scopika.com\/en\/industry-events\/euro-connection\/"]}]},{"@type":"BreadcrumbList","@id":"https:\/\/clt-filmfest.scopika.com\/en\/industry-events\/euro-connection\/#breadcrumb","itemListElement":[{"@type":"ListItem","position":1,"name":"Home","item":"https:\/\/clt-filmfest.scopika.com\/en\/"},{"@type":"ListItem","position":2,"name":"Industry events","item":"https:\/\/clt-filmfest.scopika.com\/en\/industry-events\/"},{"@type":"ListItem","position":3,"name":"Euro Connection"}]},{"@type":"WebSite","@id":"https:\/\/clt-filmfest.scopika.com\/en\/#website","url":"https:\/\/clt-filmfest.scopika.com\/en\/","name":"Festival international du court-m\u00e9trage","description":"Le slogan du site","potentialAction":[{"@type":"SearchAction","target":{"@type":"EntryPoint","urlTemplate":"https:\/\/clt-filmfest.scopika.com\/en\/?s={search_term_string}"},"query-input":{"@type":"PropertyValueSpecification","valueRequired":true,"valueName":"search_term_string"}}],"inLanguage":"en-US"}]}},"_links":{"self":[{"href":"https:\/\/clt-filmfest.scopika.com\/en\/wp-json\/wp\/v2\/pages\/14587","targetHints":{"allow":["GET"]}}],"collection":[{"href":"https:\/\/clt-filmfest.scopika.com\/en\/wp-json\/wp\/v2\/pages"}],"about":[{"href":"https:\/\/clt-filmfest.scopika.com\/en\/wp-json\/wp\/v2\/types\/page"}],"author":[{"embeddable":true,"href":"https:\/\/clt-filmfest.scopika.com\/en\/wp-json\/wp\/v2\/users\/2"}],"replies":[{"embeddable":true,"href":"https:\/\/clt-filmfest.scopika.com\/en\/wp-json\/wp\/v2\/comments?post=14587"}],"version-history":[{"count":9,"href":"https:\/\/clt-filmfest.scopika.com\/en\/wp-json\/wp\/v2\/pages\/14587\/revisions"}],"predecessor-version":[{"id":38151,"href":"https:\/\/clt-filmfest.scopika.com\/en\/wp-json\/wp\/v2\/pages\/14587\/revisions\/38151"}],"up":[{"embeddable":true,"href":"https:\/\/clt-filmfest.scopika.com\/en\/wp-json\/wp\/v2\/pages\/37606"}],"wp:attachment":[{"href":"https:\/\/clt-filmfest.scopika.com\/en\/wp-json\/wp\/v2\/media?parent=14587"}],"curies":[{"name":"wp","href":"https:\/\/api.w.org\/{rel}","templated":true}]}}