{"id":14601,"date":"2024-11-15T14:12:46","date_gmt":"2024-11-15T13:12:46","guid":{"rendered":"https:\/\/clt-filmfest.scopika.com\/?page_id=14601"},"modified":"2024-11-29T17:46:27","modified_gmt":"2024-11-29T16:46:27","slug":"shop","status":"publish","type":"page","link":"https:\/\/clt-filmfest.scopika.com\/en\/on-site\/shop\/","title":{"rendered":"Shop"},"content":{"rendered":"<div class=\"wpb-content-wrapper\"><p>[vc_row full_width=&#8221;stretch_row_content_no_spaces&#8221;][vc_column][vc_single_image image=&#8221;13415&#8243; img_size=&#8221;full&#8221; css=&#8221;&#8221;][\/vc_column][\/vc_row][vc_row][vc_column][vc_column_text css=&#8221;&#8221;]<\/p>\n<h2>Year-round<\/h2>\n<p>[\/vc_column_text][\/vc_column][\/vc_row][vc_row][vc_column][vc_column_text css=&#8221;&#8221;]<\/p>\n<h3>In Clermont-Ferrand<\/h3>\n<p>[\/vc_column_text][\/vc_column][\/vc_row][vc_row equal_height=&#8221;yes&#8221;][vc_column width=&#8221;1\/3&#8243; el_class=&#8221;bloc contour solide&#8221;][vc_single_image image=&#8221;14680&#8243; img_size=&#8221;full&#8221; css=&#8221;&#8221;][vc_column_text css=&#8221;.vc_custom_1724333682504{margin-bottom: 15px !important;}&#8221;]<\/p>\n<h4>La Jet\u00e9e<\/h4>\n<p>[\/vc_column_text][vc_column_text css=&#8221;.vc_custom_1731858864224{margin-bottom: 15px !important;}&#8221;]At this point of sale, we offer a range of merchandise from the last edition (or the one to come) as well as from previous editions. We look forward to seeing you all year round at the association&#8217;s offices.[\/vc_column_text][vc_column_text css=&#8221;.vc_custom_1731857826603{margin-bottom: 15px !important;}&#8221; el_class=&#8221;adresse&#8221;]6 place Michel-de-L&#8217;Hospital<br \/>\n63000 Clermont-Ferrand[\/vc_column_text][vc_btn title=&#8221;View on a map&#8221; shape=&#8221;square&#8221; align=&#8221;center&#8221; css=&#8221;&#8221; el_class=&#8221;bouton coul-1 petit&#8221; link=&#8221;url:https%3A%2F%2Fmaps.app.goo.gl%2F39GYwzZdAgQ4t8Uc6|target:_blank&#8221;][vc_column_text css=&#8221;.vc_custom_1732898723454{margin-bottom: 15px !important;}&#8221; el_class=&#8221;horaires&#8221;]Monday to Thursday:<br \/>\n8:30 &#8211; 12:00 \/ 14:00 &#8211; 17:30<br \/>\nClosed on Friday[\/vc_column_text][vc_column_text css=&#8221;.vc_custom_1728123017771{margin-bottom: 15px !important;}&#8221; el_class=&#8221;telephone&#8221;]+33 (0)4 73 91 65 73[\/vc_column_text][vc_column_text css=&#8221;.vc_custom_1729785544740{margin-bottom: 15px !important;}&#8221; el_class=&#8221;mail&#8221;]<a href=\"mailto:info@clermont-filmfest.org\">info@clermont-filmfest.org<\/a>[\/vc_column_text][\/vc_column][vc_column width=&#8221;1\/3&#8243; el_class=&#8221;bloc contour solide&#8221;][vc_single_image image=&#8221;14688&#8243; img_size=&#8221;full&#8221; css=&#8221;&#8221;][vc_column_text css=&#8221;.vc_custom_1724333843511{margin-bottom: 15px !important;}&#8221;]<\/p>\n<h4>Maison du Tourisme<\/h4>\n<p>[\/vc_column_text][vc_column_text css=&#8221;.vc_custom_1731858923857{margin-bottom: 15px !important;}&#8221;]Whether you&#8217;re from Clermont-Ferrand or just visiting, take a diversion to the Tourist Office to find a selection of our boutique products (available all year round depending on stocks &#8211; regular restocking).[\/vc_column_text][vc_column_text css=&#8221;.vc_custom_1731857832074{margin-bottom: 15px !important;}&#8221; el_class=&#8221;adresse&#8221;]Place de la Victoire<br \/>\n63000 Clermont-Ferrand[\/vc_column_text][vc_btn title=&#8221;View on a map&#8221; shape=&#8221;square&#8221; align=&#8221;center&#8221; css=&#8221;&#8221; el_class=&#8221;bouton coul-1 petit&#8221; link=&#8221;url:https%3A%2F%2Fmaps.app.goo.gl%2FMeqqb2aYauLDnwfeA|target:_blank&#8221;][vc_column_text css=&#8221;.vc_custom_1732898737215{margin-bottom: 15px !important;}&#8221; el_class=&#8221;horaires&#8221;]<\/p>\n<ul>\n<li>September to June:<br \/>\nMonday: 14:00 &#8211; 18:00<br \/>\nTuesday to Sunday:<br \/>\n10:00 &#8211; 13:00\/ 14:00 &#8211; 18:00<\/li>\n<li>July-August:<br \/>\nOpen daily 10:00 &#8211; 13:00 \/ 14:00 &#8211; 19:00<\/li>\n<li>Closed: Sundays in January and November<br \/>\n25 December and 1 January<\/li>\n<\/ul>\n<p>[\/vc_column_text][vc_btn title=&#8221;clermontauvergnevolcans.com&#8221; shape=&#8221;square&#8221; align=&#8221;center&#8221; css=&#8221;&#8221; el_class=&#8221;bouton coul-3 petit&#8221; link=&#8221;url:https%3A%2F%2Fwww.clermontauvergnevolcans.com%2Ffiches%2Fla-boutique-de-loffice|target:_blank&#8221;][\/vc_column][vc_column width=&#8221;1\/3&#8243; el_class=&#8221;bloc contour solide&#8221;][vc_single_image image=&#8221;14685&#8243; img_size=&#8221;full&#8221; css=&#8221;&#8221;][vc_column_text css=&#8221;.vc_custom_1724334707713{margin-bottom: 15px !important;}&#8221;]<\/p>\n<h4>Californie fran\u00e7aise<\/h4>\n<p>[\/vc_column_text][vc_column_text css=&#8221;.vc_custom_1731859073233{margin-bottom: 15px !important;}&#8221;]As part of an exceptional collaboration, the Clermont-Ferrand-based brand Californie fran\u00e7aise has produced t-shirts bearing the effigy of the cult building that houses the association Sauve qui peut le court m\u00e9trage: La Jet\u00e9e, located in the heart of Clermont-Ferrand and named in homage to Chris Marker&#8217;s film.<br \/>\nYou&#8217;ll find these products on sale in their boutique and in the Festival Shop at Les Volcans bookshop (80 bd Fran\u00e7ois-Mitterrand). Wear the festival colours all year round![\/vc_column_text][vc_column_text css=&#8221;.vc_custom_1731857836947{margin-bottom: 15px !important;}&#8221; el_class=&#8221;adresse&#8221;]14 rue Tour-la-Monnaie<br \/>\n63000 Clermont-Ferrand[\/vc_column_text][vc_btn title=&#8221;View on a map&#8221; shape=&#8221;square&#8221; align=&#8221;center&#8221; css=&#8221;&#8221; el_class=&#8221;bouton coul-1 petit&#8221; link=&#8221;url:https%3A%2F%2Fmaps.app.goo.gl%2FNdq7YTUKNy4eQJwPA|target:_blank&#8221;][vc_column_text css=&#8221;.vc_custom_1732898743686{margin-bottom: 15px !important;}&#8221; el_class=&#8221;horaires&#8221;]Monday to Wednesday: 10:00 &#8211; 18:00<br \/>\nThursday to Saturday: 10:00 &#8211; 19:00[\/vc_column_text][vc_btn title=&#8221;californiefrancaise.com&#8221; shape=&#8221;square&#8221; align=&#8221;center&#8221; css=&#8221;&#8221; el_class=&#8221;bouton coul-3 petit&#8221; link=&#8221;url:https%3A%2F%2Fshop.californiefrancaise.com%2F%3Fproducts%255Bquery%255D%3Dcourt%2520m%25C3%25A9trage|target:_blank&#8221;][\/vc_column][\/vc_row][vc_row][vc_column][vc_empty_space height=&#8221;30&#8243;][\/vc_column][\/vc_row][vc_row full_width=&#8221;stretch_row_content_no_spaces&#8221;][vc_column][vc_masonry_media_grid element_width=&#8221;3&#8243; css=&#8221;&#8221; grid_id=&#8221;vc_gid:1732898705612-a1d91d53-adea-10&#8243; include=&#8221;1161,1163,1167,1169&#8243;][\/vc_column][\/vc_row][vc_row][vc_column][vc_column_text css=&#8221;&#8221;]<\/p>\n<h3>Online<\/h3>\n<p>[\/vc_column_text][\/vc_column][\/vc_row][vc_row el_class=&#8221;renseignements&#8221;][vc_column][vc_column_text css=&#8221;.vc_custom_1731859128097{margin-bottom: 15px !important;}&#8221;]Wherever you are, you&#8217;ll find festival products. Throughout the year, we offer you all our festival products from the current edition, as well as previous editions*. Enjoy secure delivery to the address of your choice.[\/vc_column_text][vc_btn title=&#8221;boutique.clermont-filmfest.org&#8221; shape=&#8221;square&#8221; align=&#8221;left&#8221; css=&#8221;&#8221; el_class=&#8221;bouton coul-3 petit&#8221; link=&#8221;url:https%3A%2F%2Fboutique.clermont-filmfest.org%2Fen%2FCLERMONT%2F|target:_blank&#8221;][vc_column_text css=&#8221;.vc_custom_1731859224707{margin-bottom: 15px !important;}&#8221; el_class=&#8221;petit&#8221;]<em>* Subject to stock availability at our online shop.<\/em>[\/vc_column_text][\/vc_column][\/vc_row][vc_row][vc_column][vc_empty_space height=&#8221;30&#8243;][vc_column_text css=&#8221;&#8221;]<\/p>\n<h2>During the Festival<\/h2>\n<p>[\/vc_column_text][\/vc_column][\/vc_row][vc_row el_class=&#8221;renseignements&#8221;][vc_column][vc_column_text css=&#8221;.vc_custom_1732898785245{margin-bottom: 15px !important;}&#8221;]<\/p>\n<h4>Temporary shop: Les Volcans Bookshop<\/h4>\n<p>[\/vc_column_text][vc_column_text css=&#8221;.vc_custom_1731859267507{margin-bottom: 15px !important;}&#8221;]During the Festival only, you&#8217;ll find our merchandise, a ticketing point and the Festival 2025 catalogue at our partner&#8217;s premises.[\/vc_column_text][vc_column_text css=&#8221;.vc_custom_1731859278003{margin-bottom: 15px !important;}&#8221; el_class=&#8221;adresse&#8221;]Les Volcans bookshop &#8211; 80 boulevard Fran\u00e7ois-Mitterrand 63000 Clermont-Ferrand[\/vc_column_text][vc_btn title=&#8221;View on a map&#8221; shape=&#8221;square&#8221; align=&#8221;left&#8221; css=&#8221;&#8221; el_class=&#8221;bouton coul-1 petit&#8221; link=&#8221;url:https%3A%2F%2Fmaps.app.goo.gl%2FC8wraPnu6wHsxQZv7|target:_blank&#8221;][vc_column_text css=&#8221;.vc_custom_1732898754314{margin-bottom: 15px !important;}&#8221; el_class=&#8221;horaires&#8221;]From Friday 31 January to Saturday 8 February 2025 \/ 10:00 &#8211; 19:00 non-stop[\/vc_column_text][vc_btn title=&#8221;librairielesvolcans.com&#8221; shape=&#8221;square&#8221; align=&#8221;left&#8221; css=&#8221;&#8221; el_class=&#8221;bouton coul-3 petit&#8221; link=&#8221;url:https%3A%2F%2Fwww.librairielesvolcans.com|target:_blank&#8221;][\/vc_column][\/vc_row][vc_row][vc_column]<div class=\"ult-spacer spacer-69e1722645bd7\" data-id=\"69e1722645bd7\" data-height=\"30\" data-height-mobile=\"30\" data-height-tab=\"30\" data-height-tab-portrait=\"\" data-height-mobile-landscape=\"\" style=\"clear:both;display:block;\"><\/div>[\/vc_column][\/vc_row]<\/p>\n<\/div>","protected":false},"excerpt":{"rendered":"<p>[vc_row full_width=&#8221;stretch_row_content_no_spaces&#8221;][vc_column][vc_single_image image=&#8221;13415&#8243; img_size=&#8221;full&#8221; css=&#8221;&#8221;][\/vc_column][\/vc_row][vc_row][vc_column][vc_column_text css=&#8221;&#8221;] Year-round [\/vc_column_text][\/vc_column][\/vc_row][vc_row][vc_column][vc_column_text css=&#8221;&#8221;] In Clermont-Ferrand [\/vc_column_text][\/vc_column][\/vc_row][vc_row equal_height=&#8221;yes&#8221;][vc_column width=&#8221;1\/3&#8243; el_class=&#8221;bloc contour solide&#8221;][vc_single_image image=&#8221;14680&#8243; img_size=&#8221;full&#8221; css=&#8221;&#8221;][vc_column_text css=&#8221;.vc_custom_1724333682504{margin-bottom: 15px !important;}&#8221;] La Jet\u00e9e [\/vc_column_text][vc_column_text css=&#8221;.vc_custom_1731858864224{margin-bottom: 15px !important;}&#8221;]At this point of sale, we offer a range of merchandise from the last edition (or the one to come) as well as from previous editions. We [&hellip;]<\/p>\n","protected":false},"author":2,"featured_media":0,"parent":37602,"menu_order":0,"comment_status":"closed","ping_status":"closed","template":"","meta":{"_acf_changed":false,"footnotes":""},"class_list":["post-14601","page","type-page","status-publish","hentry"],"acf":[],"yoast_head":"<!-- This site is optimized with the Yoast SEO plugin v23.9 - https:\/\/yoast.com\/wordpress\/plugins\/seo\/ -->\n<title>Shop - Festival international du court-m\u00e9trage<\/title>\n<meta name=\"robots\" content=\"noindex, follow, max-snippet:-1, max-image-preview:large, max-video-preview:-1\" \/>\n<meta property=\"og:locale\" content=\"en_US\" \/>\n<meta property=\"og:type\" content=\"article\" \/>\n<meta property=\"og:title\" content=\"Shop - Festival international du court-m\u00e9trage\" \/>\n<meta property=\"og:description\" content=\"[vc_row full_width=&#8221;stretch_row_content_no_spaces&#8221;][vc_column][vc_single_image image=&#8221;13415&#8243; img_size=&#8221;full&#8221; css=&#8221;&#8221;][\/vc_column][\/vc_row][vc_row][vc_column][vc_column_text css=&#8221;&#8221;] Year-round [\/vc_column_text][\/vc_column][\/vc_row][vc_row][vc_column][vc_column_text css=&#8221;&#8221;] In Clermont-Ferrand [\/vc_column_text][\/vc_column][\/vc_row][vc_row equal_height=&#8221;yes&#8221;][vc_column width=&#8221;1\/3&#8243; el_class=&#8221;bloc contour solide&#8221;][vc_single_image image=&#8221;14680&#8243; img_size=&#8221;full&#8221; css=&#8221;&#8221;][vc_column_text css=&#8221;.vc_custom_1724333682504{margin-bottom: 15px !important;}&#8221;] La Jet\u00e9e [\/vc_column_text][vc_column_text css=&#8221;.vc_custom_1731858864224{margin-bottom: 15px !important;}&#8221;]At this point of sale, we offer a range of merchandise from the last edition (or the one to come) as well as from previous editions. We [&hellip;]\" \/>\n<meta property=\"og:url\" content=\"https:\/\/clt-filmfest.scopika.com\/en\/on-site\/shop\/\" \/>\n<meta property=\"og:site_name\" content=\"Festival international du court-m\u00e9trage\" \/>\n<meta property=\"article:modified_time\" content=\"2024-11-29T16:46:27+00:00\" \/>\n<meta name=\"twitter:card\" content=\"summary_large_image\" \/>\n<meta name=\"twitter:label1\" content=\"Est. reading time\" \/>\n\t<meta name=\"twitter:data1\" content=\"5 minutes\" \/>\n<script type=\"application\/ld+json\" class=\"yoast-schema-graph\">{\"@context\":\"https:\/\/schema.org\",\"@graph\":[{\"@type\":\"WebPage\",\"@id\":\"https:\/\/clt-filmfest.scopika.com\/en\/on-site\/shop\/\",\"url\":\"https:\/\/clt-filmfest.scopika.com\/en\/on-site\/shop\/\",\"name\":\"Shop - Festival international du court-m\u00e9trage\",\"isPartOf\":{\"@id\":\"https:\/\/clt-filmfest.scopika.com\/en\/#website\"},\"datePublished\":\"2024-11-15T13:12:46+00:00\",\"dateModified\":\"2024-11-29T16:46:27+00:00\",\"breadcrumb\":{\"@id\":\"https:\/\/clt-filmfest.scopika.com\/en\/on-site\/shop\/#breadcrumb\"},\"inLanguage\":\"en-US\",\"potentialAction\":[{\"@type\":\"ReadAction\",\"target\":[\"https:\/\/clt-filmfest.scopika.com\/en\/on-site\/shop\/\"]}]},{\"@type\":\"BreadcrumbList\",\"@id\":\"https:\/\/clt-filmfest.scopika.com\/en\/on-site\/shop\/#breadcrumb\",\"itemListElement\":[{\"@type\":\"ListItem\",\"position\":1,\"name\":\"Home\",\"item\":\"https:\/\/clt-filmfest.scopika.com\/en\/\"},{\"@type\":\"ListItem\",\"position\":2,\"name\":\"On-site\",\"item\":\"https:\/\/clt-filmfest.scopika.com\/en\/on-site\/\"},{\"@type\":\"ListItem\",\"position\":3,\"name\":\"Shop\"}]},{\"@type\":\"WebSite\",\"@id\":\"https:\/\/clt-filmfest.scopika.com\/en\/#website\",\"url\":\"https:\/\/clt-filmfest.scopika.com\/en\/\",\"name\":\"Festival international du court-m\u00e9trage\",\"description\":\"Le slogan du site\",\"potentialAction\":[{\"@type\":\"SearchAction\",\"target\":{\"@type\":\"EntryPoint\",\"urlTemplate\":\"https:\/\/clt-filmfest.scopika.com\/en\/?s={search_term_string}\"},\"query-input\":{\"@type\":\"PropertyValueSpecification\",\"valueRequired\":true,\"valueName\":\"search_term_string\"}}],\"inLanguage\":\"en-US\"}]}<\/script>\n<!-- \/ Yoast SEO plugin. -->","yoast_head_json":{"title":"Shop - Festival international du court-m\u00e9trage","robots":{"index":"noindex","follow":"follow","max-snippet":"max-snippet:-1","max-image-preview":"max-image-preview:large","max-video-preview":"max-video-preview:-1"},"og_locale":"en_US","og_type":"article","og_title":"Shop - Festival international du court-m\u00e9trage","og_description":"[vc_row full_width=&#8221;stretch_row_content_no_spaces&#8221;][vc_column][vc_single_image image=&#8221;13415&#8243; img_size=&#8221;full&#8221; css=&#8221;&#8221;][\/vc_column][\/vc_row][vc_row][vc_column][vc_column_text css=&#8221;&#8221;] Year-round [\/vc_column_text][\/vc_column][\/vc_row][vc_row][vc_column][vc_column_text css=&#8221;&#8221;] In Clermont-Ferrand [\/vc_column_text][\/vc_column][\/vc_row][vc_row equal_height=&#8221;yes&#8221;][vc_column width=&#8221;1\/3&#8243; el_class=&#8221;bloc contour solide&#8221;][vc_single_image image=&#8221;14680&#8243; img_size=&#8221;full&#8221; css=&#8221;&#8221;][vc_column_text css=&#8221;.vc_custom_1724333682504{margin-bottom: 15px !important;}&#8221;] La Jet\u00e9e [\/vc_column_text][vc_column_text css=&#8221;.vc_custom_1731858864224{margin-bottom: 15px !important;}&#8221;]At this point of sale, we offer a range of merchandise from the last edition (or the one to come) as well as from previous editions. We [&hellip;]","og_url":"https:\/\/clt-filmfest.scopika.com\/en\/on-site\/shop\/","og_site_name":"Festival international du court-m\u00e9trage","article_modified_time":"2024-11-29T16:46:27+00:00","twitter_card":"summary_large_image","twitter_misc":{"Est. reading time":"5 minutes"},"schema":{"@context":"https:\/\/schema.org","@graph":[{"@type":"WebPage","@id":"https:\/\/clt-filmfest.scopika.com\/en\/on-site\/shop\/","url":"https:\/\/clt-filmfest.scopika.com\/en\/on-site\/shop\/","name":"Shop - Festival international du court-m\u00e9trage","isPartOf":{"@id":"https:\/\/clt-filmfest.scopika.com\/en\/#website"},"datePublished":"2024-11-15T13:12:46+00:00","dateModified":"2024-11-29T16:46:27+00:00","breadcrumb":{"@id":"https:\/\/clt-filmfest.scopika.com\/en\/on-site\/shop\/#breadcrumb"},"inLanguage":"en-US","potentialAction":[{"@type":"ReadAction","target":["https:\/\/clt-filmfest.scopika.com\/en\/on-site\/shop\/"]}]},{"@type":"BreadcrumbList","@id":"https:\/\/clt-filmfest.scopika.com\/en\/on-site\/shop\/#breadcrumb","itemListElement":[{"@type":"ListItem","position":1,"name":"Home","item":"https:\/\/clt-filmfest.scopika.com\/en\/"},{"@type":"ListItem","position":2,"name":"On-site","item":"https:\/\/clt-filmfest.scopika.com\/en\/on-site\/"},{"@type":"ListItem","position":3,"name":"Shop"}]},{"@type":"WebSite","@id":"https:\/\/clt-filmfest.scopika.com\/en\/#website","url":"https:\/\/clt-filmfest.scopika.com\/en\/","name":"Festival international du court-m\u00e9trage","description":"Le slogan du site","potentialAction":[{"@type":"SearchAction","target":{"@type":"EntryPoint","urlTemplate":"https:\/\/clt-filmfest.scopika.com\/en\/?s={search_term_string}"},"query-input":{"@type":"PropertyValueSpecification","valueRequired":true,"valueName":"search_term_string"}}],"inLanguage":"en-US"}]}},"_links":{"self":[{"href":"https:\/\/clt-filmfest.scopika.com\/en\/wp-json\/wp\/v2\/pages\/14601","targetHints":{"allow":["GET"]}}],"collection":[{"href":"https:\/\/clt-filmfest.scopika.com\/en\/wp-json\/wp\/v2\/pages"}],"about":[{"href":"https:\/\/clt-filmfest.scopika.com\/en\/wp-json\/wp\/v2\/types\/page"}],"author":[{"embeddable":true,"href":"https:\/\/clt-filmfest.scopika.com\/en\/wp-json\/wp\/v2\/users\/2"}],"replies":[{"embeddable":true,"href":"https:\/\/clt-filmfest.scopika.com\/en\/wp-json\/wp\/v2\/comments?post=14601"}],"version-history":[{"count":7,"href":"https:\/\/clt-filmfest.scopika.com\/en\/wp-json\/wp\/v2\/pages\/14601\/revisions"}],"predecessor-version":[{"id":37852,"href":"https:\/\/clt-filmfest.scopika.com\/en\/wp-json\/wp\/v2\/pages\/14601\/revisions\/37852"}],"up":[{"embeddable":true,"href":"https:\/\/clt-filmfest.scopika.com\/en\/wp-json\/wp\/v2\/pages\/37602"}],"wp:attachment":[{"href":"https:\/\/clt-filmfest.scopika.com\/en\/wp-json\/wp\/v2\/media?parent=14601"}],"curies":[{"name":"wp","href":"https:\/\/api.w.org\/{rel}","templated":true}]}}