{"id":14737,"date":"2024-11-17T18:12:40","date_gmt":"2024-11-17T17:12:40","guid":{"rendered":"https:\/\/clt-filmfest.scopika.com\/?page_id=14737"},"modified":"2024-11-17T18:12:40","modified_gmt":"2024-11-17T17:12:40","slug":"international-competition","status":"publish","type":"page","link":"https:\/\/clt-filmfest.scopika.com\/en\/programs\/official-selection\/international-competition\/","title":{"rendered":"International Competition"},"content":{"rendered":"<div class=\"wpb-content-wrapper\"><p>[vc_row][vc_column][vc_column_text css=&#8221;.vc_custom_1731863431775{margin-bottom: 30px !important;}&#8221;]<\/p>\n<h2 class=\"p1\">International films<br \/>\nin official competition<\/h2>\n<p>[\/vc_column_text][vc_column_text css=&#8221;.vc_custom_1731863445120{margin-bottom: 30px !important;}&#8221; el_class=&#8221;intro&#8221;]<\/p>\n<p class=\"p1\">The International Competition is the place where the different horizons that make up the richness of world short film meet and intersect. Animated masterpieces, documentaries, comedies, contemporary realities, genre films, graduation works from the world&#8217;s best schools &#8211; here are 12 programmes to take you into worlds that only young filmmakers can create.<\/p>\n<p>[\/vc_column_text][vc_column_text css=&#8221;&#8221;]Selection in progress. The films will be unveiled on 19 December.[\/vc_column_text][\/vc_column][\/vc_row][vc_row][vc_column][vc_row_inner][vc_column_inner width=&#8221;1\/4&#8243;]\n<div id=\"interactive-banner-1-wrap-2429\" class=\"ult-banner-block ult-adjust-bottom-margin ult-bb-box  banner-style12 banniere avec-bt\"   style=\"margin-bottom:30px;\">\n\t<img decoding=\"async\" src=\"https:\/\/clt-filmfest.scopika.com\/wp-content\/uploads\/2024\/07\/img-programma-exemple-01.jpg\" alt=\"null\">\n\t<h2  data-ultimate-target='#interactive-banner-1-wrap-2429 .bb-top-title '  data-responsive-json-new='{\"font-size\":\"\",\"line-height\":\"\"}'  class=\"title-center bb-top-title ult-responsive\" style=\"font-weight:normal;color:#ffffff;\">I 1<\/h2>\n\t<div class=\"mask opaque-background\" style=\"background:rgba(32,32,32,0.6);\">\n\t\t<div  data-ultimate-target='#interactive-banner-1-wrap-2429 .bb-description'  data-responsive-json-new='{\"font-size\":\"\",\"line-height\":\"\"}'  class=\"bb-description ult-responsive\" style=\"font-weight:normal;color:#ffffff;\"><\/div>\n\t<\/div><a class=\"bb-link\" href=\"#\" ><\/a>\n<\/div>\n<div id=\"interactive-banner-1-wrap-5424\" class=\"ult-banner-block ult-adjust-bottom-margin ult-bb-box  banner-style12 banniere avec-bt\"   style=\"margin-bottom:30px;\">\n\t<img decoding=\"async\" src=\"https:\/\/clt-filmfest.scopika.com\/wp-content\/uploads\/2024\/07\/img-programma-exemple-01.jpg\" alt=\"null\">\n\t<h2  data-ultimate-target='#interactive-banner-1-wrap-5424 .bb-top-title '  data-responsive-json-new='{\"font-size\":\"\",\"line-height\":\"\"}'  class=\"title-center bb-top-title ult-responsive\" style=\"font-weight:normal;color:#ffffff;\">I 5<\/h2>\n\t<div class=\"mask opaque-background\" style=\"background:rgba(32,32,32,0.6);\">\n\t\t<div  data-ultimate-target='#interactive-banner-1-wrap-5424 .bb-description'  data-responsive-json-new='{\"font-size\":\"\",\"line-height\":\"\"}'  class=\"bb-description ult-responsive\" style=\"font-weight:normal;color:#ffffff;\"><\/div>\n\t<\/div><a class=\"bb-link\" href=\"#\" ><\/a>\n<\/div>\n<div id=\"interactive-banner-1-wrap-7907\" class=\"ult-banner-block ult-adjust-bottom-margin ult-bb-box  banner-style12 banniere avec-bt\"   style=\"margin-bottom:30px;\">\n\t<img decoding=\"async\" src=\"https:\/\/clt-filmfest.scopika.com\/wp-content\/uploads\/2024\/07\/img-programma-exemple-01.jpg\" alt=\"null\">\n\t<h2  data-ultimate-target='#interactive-banner-1-wrap-7907 .bb-top-title '  data-responsive-json-new='{\"font-size\":\"\",\"line-height\":\"\"}'  class=\"title-center bb-top-title ult-responsive\" style=\"font-weight:normal;color:#ffffff;\">I 9<\/h2>\n\t<div class=\"mask opaque-background\" style=\"background:rgba(32,32,32,0.6);\">\n\t\t<div  data-ultimate-target='#interactive-banner-1-wrap-7907 .bb-description'  data-responsive-json-new='{\"font-size\":\"\",\"line-height\":\"\"}'  class=\"bb-description ult-responsive\" style=\"font-weight:normal;color:#ffffff;\"><\/div>\n\t<\/div><a class=\"bb-link\" href=\"#\" ><\/a>\n<\/div>[\/vc_column_inner][vc_column_inner width=&#8221;1\/4&#8243;]\n<div id=\"interactive-banner-1-wrap-6720\" class=\"ult-banner-block ult-adjust-bottom-margin ult-bb-box  banner-style12 banniere avec-bt\"   style=\"margin-bottom:30px;\">\n\t<img decoding=\"async\" src=\"https:\/\/clt-filmfest.scopika.com\/wp-content\/uploads\/2024\/07\/img-programma-exemple-04.jpg\" alt=\"null\">\n\t<h2  data-ultimate-target='#interactive-banner-1-wrap-6720 .bb-top-title '  data-responsive-json-new='{\"font-size\":\"\",\"line-height\":\"\"}'  class=\"title-center bb-top-title ult-responsive\" style=\"font-weight:normal;color:#ffffff;\">I 2<\/h2>\n\t<div class=\"mask opaque-background\" style=\"background:rgba(32,32,32,0.6);\">\n\t\t<div  data-ultimate-target='#interactive-banner-1-wrap-6720 .bb-description'  data-responsive-json-new='{\"font-size\":\"\",\"line-height\":\"\"}'  class=\"bb-description ult-responsive\" style=\"font-weight:normal;color:#ffffff;\"><\/div>\n\t<\/div><a class=\"bb-link\" href=\"#\" ><\/a>\n<\/div>\n<div id=\"interactive-banner-1-wrap-1705\" class=\"ult-banner-block ult-adjust-bottom-margin ult-bb-box  banner-style12 banniere avec-bt\"   style=\"margin-bottom:30px;\">\n\t<img decoding=\"async\" src=\"https:\/\/clt-filmfest.scopika.com\/wp-content\/uploads\/2024\/07\/img-programma-exemple-04.jpg\" alt=\"null\">\n\t<h2  data-ultimate-target='#interactive-banner-1-wrap-1705 .bb-top-title '  data-responsive-json-new='{\"font-size\":\"\",\"line-height\":\"\"}'  class=\"title-center bb-top-title ult-responsive\" style=\"font-weight:normal;color:#ffffff;\">I 7<\/h2>\n\t<div class=\"mask opaque-background\" style=\"background:rgba(32,32,32,0.6);\">\n\t\t<div  data-ultimate-target='#interactive-banner-1-wrap-1705 .bb-description'  data-responsive-json-new='{\"font-size\":\"\",\"line-height\":\"\"}'  class=\"bb-description ult-responsive\" style=\"font-weight:normal;color:#ffffff;\"><\/div>\n\t<\/div><a class=\"bb-link\" href=\"#\" ><\/a>\n<\/div>\n<div id=\"interactive-banner-1-wrap-5247\" class=\"ult-banner-block ult-adjust-bottom-margin ult-bb-box  banner-style12 banniere avec-bt\"   style=\"margin-bottom:30px;\">\n\t<img decoding=\"async\" src=\"https:\/\/clt-filmfest.scopika.com\/wp-content\/uploads\/2024\/07\/img-programma-exemple-03.jpg\" alt=\"null\">\n\t<h2  data-ultimate-target='#interactive-banner-1-wrap-5247 .bb-top-title '  data-responsive-json-new='{\"font-size\":\"\",\"line-height\":\"\"}'  class=\"title-center bb-top-title ult-responsive\" style=\"font-weight:normal;color:#ffffff;\">I 10<\/h2>\n\t<div class=\"mask opaque-background\" style=\"background:rgba(32,32,32,0.6);\">\n\t\t<div  data-ultimate-target='#interactive-banner-1-wrap-5247 .bb-description'  data-responsive-json-new='{\"font-size\":\"\",\"line-height\":\"\"}'  class=\"bb-description ult-responsive\" style=\"font-weight:normal;color:#ffffff;\"><\/div>\n\t<\/div><a class=\"bb-link\" href=\"#\" ><\/a>\n<\/div>[\/vc_column_inner][vc_column_inner width=&#8221;1\/4&#8243;]\n<div id=\"interactive-banner-1-wrap-8706\" class=\"ult-banner-block ult-adjust-bottom-margin ult-bb-box  banner-style12 banniere avec-bt\"   style=\"margin-bottom:30px;\">\n\t<img decoding=\"async\" src=\"https:\/\/clt-filmfest.scopika.com\/wp-content\/uploads\/2024\/07\/img-programma-exemple-03.jpg\" alt=\"null\">\n\t<h2  data-ultimate-target='#interactive-banner-1-wrap-8706 .bb-top-title '  data-responsive-json-new='{\"font-size\":\"\",\"line-height\":\"\"}'  class=\"title-center bb-top-title ult-responsive\" style=\"font-weight:normal;color:#ffffff;\">I 3<\/h2>\n\t<div class=\"mask opaque-background\" style=\"background:rgba(32,32,32,0.6);\">\n\t\t<div  data-ultimate-target='#interactive-banner-1-wrap-8706 .bb-description'  data-responsive-json-new='{\"font-size\":\"\",\"line-height\":\"\"}'  class=\"bb-description ult-responsive\" style=\"font-weight:normal;color:#ffffff;\"><\/div>\n\t<\/div><a class=\"bb-link\" href=\"#\" ><\/a>\n<\/div>\n<div id=\"interactive-banner-1-wrap-7905\" class=\"ult-banner-block ult-adjust-bottom-margin ult-bb-box  banner-style12 banniere avec-bt\"   style=\"margin-bottom:30px;\">\n\t<img decoding=\"async\" src=\"https:\/\/clt-filmfest.scopika.com\/wp-content\/uploads\/2024\/07\/img-programma-exemple-03.jpg\" alt=\"null\">\n\t<h2  data-ultimate-target='#interactive-banner-1-wrap-7905 .bb-top-title '  data-responsive-json-new='{\"font-size\":\"\",\"line-height\":\"\"}'  class=\"title-center bb-top-title ult-responsive\" style=\"font-weight:normal;color:#ffffff;\">I 6<\/h2>\n\t<div class=\"mask opaque-background\" style=\"background:rgba(32,32,32,0.6);\">\n\t\t<div  data-ultimate-target='#interactive-banner-1-wrap-7905 .bb-description'  data-responsive-json-new='{\"font-size\":\"\",\"line-height\":\"\"}'  class=\"bb-description ult-responsive\" style=\"font-weight:normal;color:#ffffff;\"><\/div>\n\t<\/div><a class=\"bb-link\" href=\"#\" ><\/a>\n<\/div>\n<div id=\"interactive-banner-1-wrap-9394\" class=\"ult-banner-block ult-adjust-bottom-margin ult-bb-box  banner-style12 banniere avec-bt\"   style=\"margin-bottom:30px;\">\n\t<img decoding=\"async\" src=\"https:\/\/clt-filmfest.scopika.com\/wp-content\/uploads\/2024\/07\/img-programma-exemple-04.jpg\" alt=\"null\">\n\t<h2  data-ultimate-target='#interactive-banner-1-wrap-9394 .bb-top-title '  data-responsive-json-new='{\"font-size\":\"\",\"line-height\":\"\"}'  class=\"title-center bb-top-title ult-responsive\" style=\"font-weight:normal;color:#ffffff;\">I 11<\/h2>\n\t<div class=\"mask opaque-background\" style=\"background:rgba(32,32,32,0.6);\">\n\t\t<div  data-ultimate-target='#interactive-banner-1-wrap-9394 .bb-description'  data-responsive-json-new='{\"font-size\":\"\",\"line-height\":\"\"}'  class=\"bb-description ult-responsive\" style=\"font-weight:normal;color:#ffffff;\"><\/div>\n\t<\/div><a class=\"bb-link\" href=\"#\" ><\/a>\n<\/div>[\/vc_column_inner][vc_column_inner width=&#8221;1\/4&#8243;]\n<div id=\"interactive-banner-1-wrap-3342\" class=\"ult-banner-block ult-adjust-bottom-margin ult-bb-box  banner-style12 banniere avec-bt\"   style=\"margin-bottom:30px;\">\n\t<img decoding=\"async\" src=\"https:\/\/clt-filmfest.scopika.com\/wp-content\/uploads\/2024\/07\/img-programma-exemple-02.jpg\" alt=\"null\">\n\t<h2  data-ultimate-target='#interactive-banner-1-wrap-3342 .bb-top-title '  data-responsive-json-new='{\"font-size\":\"\",\"line-height\":\"\"}'  class=\"title-center bb-top-title ult-responsive\" style=\"font-weight:normal;color:#ffffff;\">I 4<\/h2>\n\t<div class=\"mask opaque-background\" style=\"background:rgba(32,32,32,0.6);\">\n\t\t<div  data-ultimate-target='#interactive-banner-1-wrap-3342 .bb-description'  data-responsive-json-new='{\"font-size\":\"\",\"line-height\":\"\"}'  class=\"bb-description ult-responsive\" style=\"font-weight:normal;color:#ffffff;\"><\/div>\n\t<\/div><a class=\"bb-link\" href=\"#\" ><\/a>\n<\/div>\n<div id=\"interactive-banner-1-wrap-8846\" class=\"ult-banner-block ult-adjust-bottom-margin ult-bb-box  banner-style12 banniere avec-bt\"   style=\"margin-bottom:30px;\">\n\t<img decoding=\"async\" src=\"https:\/\/clt-filmfest.scopika.com\/wp-content\/uploads\/2024\/07\/img-programma-exemple-02.jpg\" alt=\"null\">\n\t<h2  data-ultimate-target='#interactive-banner-1-wrap-8846 .bb-top-title '  data-responsive-json-new='{\"font-size\":\"\",\"line-height\":\"\"}'  class=\"title-center bb-top-title ult-responsive\" style=\"font-weight:normal;color:#ffffff;\">I 8<\/h2>\n\t<div class=\"mask opaque-background\" style=\"background:rgba(32,32,32,0.6);\">\n\t\t<div  data-ultimate-target='#interactive-banner-1-wrap-8846 .bb-description'  data-responsive-json-new='{\"font-size\":\"\",\"line-height\":\"\"}'  class=\"bb-description ult-responsive\" style=\"font-weight:normal;color:#ffffff;\"><\/div>\n\t<\/div><a class=\"bb-link\" href=\"#\" ><\/a>\n<\/div>\n<div id=\"interactive-banner-1-wrap-6932\" class=\"ult-banner-block ult-adjust-bottom-margin ult-bb-box  banner-style12 banniere avec-bt\"   style=\"margin-bottom:30px;\">\n\t<img decoding=\"async\" src=\"https:\/\/clt-filmfest.scopika.com\/wp-content\/uploads\/2024\/07\/img-programma-exemple-02.jpg\" alt=\"null\">\n\t<h2  data-ultimate-target='#interactive-banner-1-wrap-6932 .bb-top-title '  data-responsive-json-new='{\"font-size\":\"\",\"line-height\":\"\"}'  class=\"title-center bb-top-title ult-responsive\" style=\"font-weight:normal;color:#ffffff;\">I 12<\/h2>\n\t<div class=\"mask opaque-background\" style=\"background:rgba(32,32,32,0.6);\">\n\t\t<div  data-ultimate-target='#interactive-banner-1-wrap-6932 .bb-description'  data-responsive-json-new='{\"font-size\":\"\",\"line-height\":\"\"}'  class=\"bb-description ult-responsive\" style=\"font-weight:normal;color:#ffffff;\"><\/div>\n\t<\/div><a class=\"bb-link\" href=\"#\" ><\/a>\n<\/div>[\/vc_column_inner][\/vc_row_inner]<div class=\"ult-spacer spacer-69e2b93b2a9ec\" data-id=\"69e2b93b2a9ec\" data-height=\"30\" data-height-mobile=\"30\" data-height-tab=\"30\" data-height-tab-portrait=\"\" data-height-mobile-landscape=\"\" style=\"clear:both;display:block;\"><\/div>[\/vc_column][\/vc_row][vc_row][vc_column width=&#8221;1\/3&#8243;]<div class=\"stats-block stats-top  \"><div class=\"aio-icon-top\"><div class=\"ult-just-icon-wrapper  \"><div class=\"align-icon\" style=\"text-align:center;\"><\/div><\/div><\/div><div class=\"stats-desc\" id=\"counter-responsv-wrap-6611\"><div id=\"counter_86639792769e2b93b2ab3b\" data-id=\"counter_86639792769e2b93b2ab3b\"  data-ultimate-target='#counter-responsv-wrap-6611 .stats-number'  data-responsive-json-new='{\"font-size\":\"\",\"line-height\":\"\"}'  class=\"stats-number ult-responsive\" style=\"font-size:28px;  \" data-speed=\"2\" data-counter-value=\"37\" data-separator=\",\" data-decimal=\".\">0<\/div><div class=\"counter_suffix mycust ult-responsive\"  data-ultimate-target='#counter-responsv-wrap-6611 .mycust'  data-responsive-json-new='{\"font-size\":\"\",\"line-height\":\"\"}'  style=\"font-size:28px; color:\">th<\/div><div id=\"title-counter_86639792769e2b93b2ab3b\"  data-ultimate-target='#counter-responsv-wrap-6611 .stats-text'  data-responsive-json-new='{\"font-size\":\"\",\"line-height\":\"\"}'  class=\"stats-text ult-responsive\" style=\"font-size:18px;  \">edition<\/div><\/div><\/div>[\/vc_column][vc_column width=&#8221;1\/3&#8243;]<div class=\"stats-block stats-top  \"><div class=\"aio-icon-top\"><div class=\"ult-just-icon-wrapper  \"><div class=\"align-icon\" style=\"text-align:center;\"><\/div><\/div><\/div><div class=\"stats-desc\" id=\"counter-responsv-wrap-5753\"><div id=\"counter_77576390369e2b93b2ac03\" data-id=\"counter_77576390369e2b93b2ac03\"  data-ultimate-target='#counter-responsv-wrap-5753 .stats-number'  data-responsive-json-new='{\"font-size\":\"\",\"line-height\":\"\"}'  class=\"stats-number ult-responsive\" style=\"font-size:28px;  \" data-speed=\"2\" data-counter-value=\"12\" data-separator=\",\" data-decimal=\".\">0<\/div><div id=\"title-counter_77576390369e2b93b2ac03\"  data-ultimate-target='#counter-responsv-wrap-5753 .stats-text'  data-responsive-json-new='{\"font-size\":\"\",\"line-height\":\"\"}'  class=\"stats-text ult-responsive\" style=\"font-size:18px;  \">Programmes<\/div><\/div><\/div>[\/vc_column][vc_column width=&#8221;1\/3&#8243;]<div class=\"stats-block stats-top  \"><div class=\"aio-icon-top\"><div class=\"ult-just-icon-wrapper  \"><div class=\"align-icon\" style=\"text-align:center;\"><\/div><\/div><\/div><div class=\"stats-desc\" id=\"counter-responsv-wrap-5475\"><div id=\"counter_298715670169e2b93b2ad26\" data-id=\"counter_298715670169e2b93b2ad26\"  data-ultimate-target='#counter-responsv-wrap-5475 .stats-number'  data-responsive-json-new='{\"font-size\":\"\",\"line-height\":\"\"}'  class=\"stats-number ult-responsive\" style=\"font-size:28px;  \" data-speed=\"2\" data-counter-value=\"6368\" data-separator=\",\" data-decimal=\".\">0<\/div><div id=\"title-counter_298715670169e2b93b2ad26\"  data-ultimate-target='#counter-responsv-wrap-5475 .stats-text'  data-responsive-json-new='{\"font-size\":\"\",\"line-height\":\"\"}'  class=\"stats-text ult-responsive\" style=\"font-size:18px;  \">Films submitted<\/div><\/div><\/div>[\/vc_column][\/vc_row][vc_row][vc_column][vc_separator border_width=&#8221;2&#8243; css=&#8221;&#8221;][vc_column_text css=&#8221;&#8221;]<\/p>\n<h4 class=\"p1\">Competition coordination<\/h4>\n<p class=\"p1\">Tim Redford<br \/>\n<a href=\"mailto:t.redford@clermont-filmfest.org\">t.redford@clermont-filmfest.org<\/a><\/p>\n<p>[\/vc_column_text][vc_column_text css=&#8221;&#8221;]<\/p>\n<h4 class=\"p1\">International Competition selection committee<\/h4>\n<p class=\"p1\">Calmin Borel, Diana Borja, Fabien De Macedo, Tim Redford, Gr\u00e9goire Rouchit, Julie Rousson, Camille Varenne.<\/p>\n<p class=\"p1\">With the help of pre-selectors Laura Addamo, Pr\u00e9f\u00e9r\u00e9 Aziako, Fanny Barrot, Gilles Berger, Georges Bollon, Guillaume Bonhomme, Lucas Brunier-Mestas, Adrien Calla, Regina Campos, Masumi Chiba, Elsa Cornevin, Fanny Dauny, B\u00e9ranger Debrand, No\u00e9mie Devos, Claire Diao, S\u00e9bastien Duclocher, Rapha\u00ebl Gallet, Christian Guinot, Claire Juge, Caroline Lardy, R\u00e9mi Laro\u00ebre, J\u00e9r\u00e9my Laurichesse, Eleonore Llinares, Vera Mechid-Huin, Sarah Momesso, Sam Poulange, Bertrand Rouchit, Julia Salles, Chlo\u00e9 Sanchez, Kartik Singh, Laura Thomasset, \u00c9ric W\u00f3jcik.<\/p>\n<p>[\/vc_column_text][\/vc_column][\/vc_row]<\/p>\n<\/div>","protected":false},"excerpt":{"rendered":"<p>[vc_row][vc_column][vc_column_text css=&#8221;.vc_custom_1731863431775{margin-bottom: 30px !important;}&#8221;] International films in official competition [\/vc_column_text][vc_column_text css=&#8221;.vc_custom_1731863445120{margin-bottom: 30px !important;}&#8221; el_class=&#8221;intro&#8221;] The International Competition is the place where the different horizons that make up the richness of world short film meet and intersect. Animated masterpieces, documentaries, comedies, contemporary realities, genre films, graduation works from the world&#8217;s best schools &#8211; here are 12 [&hellip;]<\/p>\n","protected":false},"author":4,"featured_media":0,"parent":14631,"menu_order":0,"comment_status":"closed","ping_status":"closed","template":"","meta":{"_acf_changed":false,"footnotes":""},"class_list":["post-14737","page","type-page","status-publish","hentry"],"acf":[],"yoast_head":"<!-- This site is optimized with the Yoast SEO plugin v23.9 - https:\/\/yoast.com\/wordpress\/plugins\/seo\/ -->\n<title>International Competition - Festival international du court-m\u00e9trage<\/title>\n<meta name=\"robots\" content=\"noindex, follow, max-snippet:-1, max-image-preview:large, max-video-preview:-1\" \/>\n<meta property=\"og:locale\" content=\"en_US\" \/>\n<meta property=\"og:type\" content=\"article\" \/>\n<meta property=\"og:title\" content=\"International Competition - Festival international du court-m\u00e9trage\" \/>\n<meta property=\"og:description\" content=\"[vc_row][vc_column][vc_column_text css=&#8221;.vc_custom_1731863431775{margin-bottom: 30px !important;}&#8221;] International films in official competition [\/vc_column_text][vc_column_text css=&#8221;.vc_custom_1731863445120{margin-bottom: 30px !important;}&#8221; el_class=&#8221;intro&#8221;] The International Competition is the place where the different horizons that make up the richness of world short film meet and intersect. Animated masterpieces, documentaries, comedies, contemporary realities, genre films, graduation works from the world&#8217;s best schools &#8211; here are 12 [&hellip;]\" \/>\n<meta property=\"og:url\" content=\"https:\/\/clt-filmfest.scopika.com\/en\/programs\/official-selection\/international-competition\/\" \/>\n<meta property=\"og:site_name\" content=\"Festival international du court-m\u00e9trage\" \/>\n<meta name=\"twitter:card\" content=\"summary_large_image\" \/>\n<meta name=\"twitter:label1\" content=\"Est. reading time\" \/>\n\t<meta name=\"twitter:data1\" content=\"2 minutes\" \/>\n<script type=\"application\/ld+json\" class=\"yoast-schema-graph\">{\"@context\":\"https:\/\/schema.org\",\"@graph\":[{\"@type\":\"WebPage\",\"@id\":\"https:\/\/clt-filmfest.scopika.com\/en\/programs\/official-selection\/international-competition\/\",\"url\":\"https:\/\/clt-filmfest.scopika.com\/en\/programs\/official-selection\/international-competition\/\",\"name\":\"International Competition - Festival international du court-m\u00e9trage\",\"isPartOf\":{\"@id\":\"https:\/\/clt-filmfest.scopika.com\/en\/#website\"},\"datePublished\":\"2024-11-17T17:12:40+00:00\",\"dateModified\":\"2024-11-17T17:12:40+00:00\",\"breadcrumb\":{\"@id\":\"https:\/\/clt-filmfest.scopika.com\/en\/programs\/official-selection\/international-competition\/#breadcrumb\"},\"inLanguage\":\"en-US\",\"potentialAction\":[{\"@type\":\"ReadAction\",\"target\":[\"https:\/\/clt-filmfest.scopika.com\/en\/programs\/official-selection\/international-competition\/\"]}]},{\"@type\":\"BreadcrumbList\",\"@id\":\"https:\/\/clt-filmfest.scopika.com\/en\/programs\/official-selection\/international-competition\/#breadcrumb\",\"itemListElement\":[{\"@type\":\"ListItem\",\"position\":1,\"name\":\"Home\",\"item\":\"https:\/\/clt-filmfest.scopika.com\/en\/\"},{\"@type\":\"ListItem\",\"position\":2,\"name\":\"International Competition\"}]},{\"@type\":\"WebSite\",\"@id\":\"https:\/\/clt-filmfest.scopika.com\/en\/#website\",\"url\":\"https:\/\/clt-filmfest.scopika.com\/en\/\",\"name\":\"Festival international du court-m\u00e9trage\",\"description\":\"Le slogan du site\",\"potentialAction\":[{\"@type\":\"SearchAction\",\"target\":{\"@type\":\"EntryPoint\",\"urlTemplate\":\"https:\/\/clt-filmfest.scopika.com\/en\/?s={search_term_string}\"},\"query-input\":{\"@type\":\"PropertyValueSpecification\",\"valueRequired\":true,\"valueName\":\"search_term_string\"}}],\"inLanguage\":\"en-US\"}]}<\/script>\n<!-- \/ Yoast SEO plugin. -->","yoast_head_json":{"title":"International Competition - Festival international du court-m\u00e9trage","robots":{"index":"noindex","follow":"follow","max-snippet":"max-snippet:-1","max-image-preview":"max-image-preview:large","max-video-preview":"max-video-preview:-1"},"og_locale":"en_US","og_type":"article","og_title":"International Competition - Festival international du court-m\u00e9trage","og_description":"[vc_row][vc_column][vc_column_text css=&#8221;.vc_custom_1731863431775{margin-bottom: 30px !important;}&#8221;] International films in official competition [\/vc_column_text][vc_column_text css=&#8221;.vc_custom_1731863445120{margin-bottom: 30px !important;}&#8221; el_class=&#8221;intro&#8221;] The International Competition is the place where the different horizons that make up the richness of world short film meet and intersect. Animated masterpieces, documentaries, comedies, contemporary realities, genre films, graduation works from the world&#8217;s best schools &#8211; here are 12 [&hellip;]","og_url":"https:\/\/clt-filmfest.scopika.com\/en\/programs\/official-selection\/international-competition\/","og_site_name":"Festival international du court-m\u00e9trage","twitter_card":"summary_large_image","twitter_misc":{"Est. reading time":"2 minutes"},"schema":{"@context":"https:\/\/schema.org","@graph":[{"@type":"WebPage","@id":"https:\/\/clt-filmfest.scopika.com\/en\/programs\/official-selection\/international-competition\/","url":"https:\/\/clt-filmfest.scopika.com\/en\/programs\/official-selection\/international-competition\/","name":"International Competition - Festival international du court-m\u00e9trage","isPartOf":{"@id":"https:\/\/clt-filmfest.scopika.com\/en\/#website"},"datePublished":"2024-11-17T17:12:40+00:00","dateModified":"2024-11-17T17:12:40+00:00","breadcrumb":{"@id":"https:\/\/clt-filmfest.scopika.com\/en\/programs\/official-selection\/international-competition\/#breadcrumb"},"inLanguage":"en-US","potentialAction":[{"@type":"ReadAction","target":["https:\/\/clt-filmfest.scopika.com\/en\/programs\/official-selection\/international-competition\/"]}]},{"@type":"BreadcrumbList","@id":"https:\/\/clt-filmfest.scopika.com\/en\/programs\/official-selection\/international-competition\/#breadcrumb","itemListElement":[{"@type":"ListItem","position":1,"name":"Home","item":"https:\/\/clt-filmfest.scopika.com\/en\/"},{"@type":"ListItem","position":2,"name":"International Competition"}]},{"@type":"WebSite","@id":"https:\/\/clt-filmfest.scopika.com\/en\/#website","url":"https:\/\/clt-filmfest.scopika.com\/en\/","name":"Festival international du court-m\u00e9trage","description":"Le slogan du site","potentialAction":[{"@type":"SearchAction","target":{"@type":"EntryPoint","urlTemplate":"https:\/\/clt-filmfest.scopika.com\/en\/?s={search_term_string}"},"query-input":{"@type":"PropertyValueSpecification","valueRequired":true,"valueName":"search_term_string"}}],"inLanguage":"en-US"}]}},"_links":{"self":[{"href":"https:\/\/clt-filmfest.scopika.com\/en\/wp-json\/wp\/v2\/pages\/14737","targetHints":{"allow":["GET"]}}],"collection":[{"href":"https:\/\/clt-filmfest.scopika.com\/en\/wp-json\/wp\/v2\/pages"}],"about":[{"href":"https:\/\/clt-filmfest.scopika.com\/en\/wp-json\/wp\/v2\/types\/page"}],"author":[{"embeddable":true,"href":"https:\/\/clt-filmfest.scopika.com\/en\/wp-json\/wp\/v2\/users\/4"}],"replies":[{"embeddable":true,"href":"https:\/\/clt-filmfest.scopika.com\/en\/wp-json\/wp\/v2\/comments?post=14737"}],"version-history":[{"count":1,"href":"https:\/\/clt-filmfest.scopika.com\/en\/wp-json\/wp\/v2\/pages\/14737\/revisions"}],"predecessor-version":[{"id":14738,"href":"https:\/\/clt-filmfest.scopika.com\/en\/wp-json\/wp\/v2\/pages\/14737\/revisions\/14738"}],"up":[{"embeddable":true,"href":"https:\/\/clt-filmfest.scopika.com\/en\/wp-json\/wp\/v2\/pages\/14631"}],"wp:attachment":[{"href":"https:\/\/clt-filmfest.scopika.com\/en\/wp-json\/wp\/v2\/media?parent=14737"}],"curies":[{"name":"wp","href":"https:\/\/api.w.org\/{rel}","templated":true}]}}