{"id":14742,"date":"2024-11-17T18:19:41","date_gmt":"2024-11-17T17:19:41","guid":{"rendered":"https:\/\/clt-filmfest.scopika.com\/?page_id=14742"},"modified":"2024-11-17T18:20:24","modified_gmt":"2024-11-17T17:20:24","slug":"national-competition","status":"publish","type":"page","link":"https:\/\/clt-filmfest.scopika.com\/en\/programs\/national-competition\/","title":{"rendered":"National Competition"},"content":{"rendered":"<div class=\"wpb-content-wrapper\"><p>[vc_row][vc_column][vc_column_text css=&#8221;.vc_custom_1731863920808{margin-bottom: 30px !important;}&#8221;]<\/p>\n<h2 class=\"p1\">French films<br \/>\nin official competition<\/h2>\n<p>[\/vc_column_text][vc_column_text css=&#8221;.vc_custom_1731863926409{margin-bottom: 30px !important;}&#8221; el_class=&#8221;intro&#8221;]<\/p>\n<p class=\"p1\">The National Competition showcases the best of French production over the past year, with 10 programmes of short films from all genres and backgrounds. Two French films are also part of the international competition.<\/p>\n<p>[\/vc_column_text][vc_column_text css=&#8221;&#8221;]<\/p>\n<div class=\"vc_row wpb_row vc_row-fluid\">\n<div class=\"wpb_column vc_column_container vc_col-sm-12\">\n<div class=\"vc_column-inner\">\n<div class=\"wpb_wrapper\">\n<div class=\"wpb_text_column wpb_content_element\">\n<div class=\"wpb_wrapper\">\n<div class=\"vc_row wpb_row vc_row-fluid\">\n<div class=\"wpb_column vc_column_container vc_col-sm-12\">\n<div class=\"vc_column-inner\">\n<div class=\"wpb_wrapper\">\n<div class=\"wpb_text_column wpb_content_element\">\n<div class=\"wpb_wrapper\">\n<p>Selection in progress. The films will be unveiled on 19 December.<\/p>\n<\/div>\n<\/div>\n<\/div>\n<\/div>\n<\/div>\n<\/div>\n<div class=\"vc_row wpb_row vc_row-fluid\">\n<div class=\"wpb_column vc_column_container vc_col-sm-12\">\n<div class=\"vc_column-inner\">\n<div class=\"wpb_wrapper\">\n<div class=\"vc_row wpb_row vc_inner vc_row-fluid\">\n<div class=\"wpb_column vc_column_container vc_col-sm-3\">\n<div class=\"vc_column-inner\">\n<div class=\"wpb_wrapper\">\n<div id=\"interactive-banner-1-wrap-5054\" class=\"ult-banner-block ult-adjust-bottom-margin ult-bb-box banner-style12 banniere avec-bt\"><picture><source srcset=\"https:\/\/clt-filmfest.scopika.com\/wp-content\/uploads\/2024\/07\/img-programma-exemple-01.jpg.webp\" type=\"image\/webp\" \/><\/picture><\/div>\n<\/div>\n<\/div>\n<\/div>\n<\/div>\n<\/div>\n<\/div>\n<\/div>\n<\/div>\n<\/div>\n<\/div>\n<\/div>\n<\/div>\n<\/div>\n<\/div>\n<div class=\"vc_row wpb_row vc_row-fluid\">\n<div class=\"wpb_column vc_column_container vc_col-sm-12\">\n<div class=\"vc_column-inner\">\n<div class=\"wpb_wrapper\">\n<div class=\"vc_row wpb_row vc_inner vc_row-fluid\">\n<div class=\"wpb_column vc_column_container vc_col-sm-3\">\n<div class=\"vc_column-inner\">\n<div class=\"wpb_wrapper\">\n<div id=\"interactive-banner-1-wrap-5610\" class=\"ult-banner-block ult-adjust-bottom-margin ult-bb-box banner-style12 banniere avec-bt\"><picture><source srcset=\"https:\/\/clt-filmfest.scopika.com\/wp-content\/uploads\/2024\/07\/img-programma-exemple-01.jpg.webp\" type=\"image\/webp\" \/><\/picture><\/div>\n<\/div>\n<\/div>\n<\/div>\n<\/div>\n<\/div>\n<\/div>\n<\/div>\n<\/div>\n<p>[\/vc_column_text][\/vc_column][\/vc_row][vc_row][vc_column][vc_row_inner][vc_column_inner width=&#8221;1\/4&#8243;]\n<div id=\"interactive-banner-1-wrap-5891\" class=\"ult-banner-block ult-adjust-bottom-margin ult-bb-box  banner-style12 banniere avec-bt\"   style=\"margin-bottom:30px;\">\n\t<img decoding=\"async\" src=\"https:\/\/clt-filmfest.scopika.com\/wp-content\/uploads\/2024\/07\/img-programma-exemple-01.jpg\" alt=\"null\">\n\t<h2  data-ultimate-target='#interactive-banner-1-wrap-5891 .bb-top-title '  data-responsive-json-new='{\"font-size\":\"\",\"line-height\":\"\"}'  class=\"title-center bb-top-title ult-responsive\" style=\"font-weight:normal;color:#ffffff;\">F 1<\/h2>\n\t<div class=\"mask opaque-background\" style=\"background:rgba(32,32,32,0.6);\">\n\t\t<div  data-ultimate-target='#interactive-banner-1-wrap-5891 .bb-description'  data-responsive-json-new='{\"font-size\":\"\",\"line-height\":\"\"}'  class=\"bb-description ult-responsive\" style=\"font-weight:normal;color:#ffffff;\"><\/div>\n\t<\/div><a class=\"bb-link\" href=\"#\" ><\/a>\n<\/div>\n<div id=\"interactive-banner-1-wrap-7163\" class=\"ult-banner-block ult-adjust-bottom-margin ult-bb-box  banner-style12 banniere avec-bt\"   style=\"margin-bottom:30px;\">\n\t<img decoding=\"async\" src=\"https:\/\/clt-filmfest.scopika.com\/wp-content\/uploads\/2024\/07\/img-programma-exemple-01.jpg\" alt=\"null\">\n\t<h2  data-ultimate-target='#interactive-banner-1-wrap-7163 .bb-top-title '  data-responsive-json-new='{\"font-size\":\"\",\"line-height\":\"\"}'  class=\"title-center bb-top-title ult-responsive\" style=\"font-weight:normal;color:#ffffff;\">F 5<\/h2>\n\t<div class=\"mask opaque-background\" style=\"background:rgba(32,32,32,0.6);\">\n\t\t<div  data-ultimate-target='#interactive-banner-1-wrap-7163 .bb-description'  data-responsive-json-new='{\"font-size\":\"\",\"line-height\":\"\"}'  class=\"bb-description ult-responsive\" style=\"font-weight:normal;color:#ffffff;\"><\/div>\n\t<\/div><a class=\"bb-link\" href=\"#\" ><\/a>\n<\/div>\n<div id=\"interactive-banner-1-wrap-7290\" class=\"ult-banner-block ult-adjust-bottom-margin ult-bb-box  banner-style12 banniere avec-bt\"   style=\"margin-bottom:30px;\">\n\t<img decoding=\"async\" src=\"https:\/\/clt-filmfest.scopika.com\/wp-content\/uploads\/2024\/07\/img-programma-exemple-01.jpg\" alt=\"null\">\n\t<h2  data-ultimate-target='#interactive-banner-1-wrap-7290 .bb-top-title '  data-responsive-json-new='{\"font-size\":\"\",\"line-height\":\"\"}'  class=\"title-center bb-top-title ult-responsive\" style=\"font-weight:normal;color:#ffffff;\">F 9<\/h2>\n\t<div class=\"mask opaque-background\" style=\"background:rgba(32,32,32,0.6);\">\n\t\t<div  data-ultimate-target='#interactive-banner-1-wrap-7290 .bb-description'  data-responsive-json-new='{\"font-size\":\"\",\"line-height\":\"\"}'  class=\"bb-description ult-responsive\" style=\"font-weight:normal;color:#ffffff;\"><\/div>\n\t<\/div><a class=\"bb-link\" href=\"#\" ><\/a>\n<\/div>[\/vc_column_inner][vc_column_inner width=&#8221;1\/4&#8243;]\n<div id=\"interactive-banner-1-wrap-3964\" class=\"ult-banner-block ult-adjust-bottom-margin ult-bb-box  banner-style12 banniere avec-bt\"   style=\"margin-bottom:30px;\">\n\t<img decoding=\"async\" src=\"https:\/\/clt-filmfest.scopika.com\/wp-content\/uploads\/2024\/07\/img-programma-exemple-04.jpg\" alt=\"null\">\n\t<h2  data-ultimate-target='#interactive-banner-1-wrap-3964 .bb-top-title '  data-responsive-json-new='{\"font-size\":\"\",\"line-height\":\"\"}'  class=\"title-center bb-top-title ult-responsive\" style=\"font-weight:normal;color:#ffffff;\">F 2<\/h2>\n\t<div class=\"mask opaque-background\" style=\"background:rgba(32,32,32,0.6);\">\n\t\t<div  data-ultimate-target='#interactive-banner-1-wrap-3964 .bb-description'  data-responsive-json-new='{\"font-size\":\"\",\"line-height\":\"\"}'  class=\"bb-description ult-responsive\" style=\"font-weight:normal;color:#ffffff;\"><\/div>\n\t<\/div><a class=\"bb-link\" href=\"#\" ><\/a>\n<\/div>\n<div id=\"interactive-banner-1-wrap-4855\" class=\"ult-banner-block ult-adjust-bottom-margin ult-bb-box  banner-style12 banniere avec-bt\"   style=\"margin-bottom:30px;\">\n\t<img decoding=\"async\" src=\"https:\/\/clt-filmfest.scopika.com\/wp-content\/uploads\/2024\/07\/img-programma-exemple-04.jpg\" alt=\"null\">\n\t<h2  data-ultimate-target='#interactive-banner-1-wrap-4855 .bb-top-title '  data-responsive-json-new='{\"font-size\":\"\",\"line-height\":\"\"}'  class=\"title-center bb-top-title ult-responsive\" style=\"font-weight:normal;color:#ffffff;\">F 6<\/h2>\n\t<div class=\"mask opaque-background\" style=\"background:rgba(32,32,32,0.6);\">\n\t\t<div  data-ultimate-target='#interactive-banner-1-wrap-4855 .bb-description'  data-responsive-json-new='{\"font-size\":\"\",\"line-height\":\"\"}'  class=\"bb-description ult-responsive\" style=\"font-weight:normal;color:#ffffff;\"><\/div>\n\t<\/div><a class=\"bb-link\" href=\"#\" ><\/a>\n<\/div>\n<div id=\"interactive-banner-1-wrap-4827\" class=\"ult-banner-block ult-adjust-bottom-margin ult-bb-box  banner-style12 banniere avec-bt\"   style=\"margin-bottom:30px;\">\n\t<img decoding=\"async\" src=\"https:\/\/clt-filmfest.scopika.com\/wp-content\/uploads\/2024\/07\/img-programma-exemple-03.jpg\" alt=\"null\">\n\t<h2  data-ultimate-target='#interactive-banner-1-wrap-4827 .bb-top-title '  data-responsive-json-new='{\"font-size\":\"\",\"line-height\":\"\"}'  class=\"title-center bb-top-title ult-responsive\" style=\"font-weight:normal;color:#ffffff;\">F 10<\/h2>\n\t<div class=\"mask opaque-background\" style=\"background:rgba(32,32,32,0.6);\">\n\t\t<div  data-ultimate-target='#interactive-banner-1-wrap-4827 .bb-description'  data-responsive-json-new='{\"font-size\":\"\",\"line-height\":\"\"}'  class=\"bb-description ult-responsive\" style=\"font-weight:normal;color:#ffffff;\"><\/div>\n\t<\/div><a class=\"bb-link\" href=\"#\" ><\/a>\n<\/div>[\/vc_column_inner][vc_column_inner width=&#8221;1\/4&#8243;]\n<div id=\"interactive-banner-1-wrap-2758\" class=\"ult-banner-block ult-adjust-bottom-margin ult-bb-box  banner-style12 banniere avec-bt\"   style=\"margin-bottom:30px;\">\n\t<img decoding=\"async\" src=\"https:\/\/clt-filmfest.scopika.com\/wp-content\/uploads\/2024\/07\/img-programma-exemple-03.jpg\" alt=\"null\">\n\t<h2  data-ultimate-target='#interactive-banner-1-wrap-2758 .bb-top-title '  data-responsive-json-new='{\"font-size\":\"\",\"line-height\":\"\"}'  class=\"title-center bb-top-title ult-responsive\" style=\"font-weight:normal;color:#ffffff;\">F 3<\/h2>\n\t<div class=\"mask opaque-background\" style=\"background:rgba(32,32,32,0.6);\">\n\t\t<div  data-ultimate-target='#interactive-banner-1-wrap-2758 .bb-description'  data-responsive-json-new='{\"font-size\":\"\",\"line-height\":\"\"}'  class=\"bb-description ult-responsive\" style=\"font-weight:normal;color:#ffffff;\"><\/div>\n\t<\/div><a class=\"bb-link\" href=\"#\" ><\/a>\n<\/div>\n<div id=\"interactive-banner-1-wrap-8456\" class=\"ult-banner-block ult-adjust-bottom-margin ult-bb-box  banner-style12 banniere avec-bt\"   style=\"margin-bottom:30px;\">\n\t<img decoding=\"async\" src=\"https:\/\/clt-filmfest.scopika.com\/wp-content\/uploads\/2024\/07\/img-programma-exemple-03.jpg\" alt=\"null\">\n\t<h2  data-ultimate-target='#interactive-banner-1-wrap-8456 .bb-top-title '  data-responsive-json-new='{\"font-size\":\"\",\"line-height\":\"\"}'  class=\"title-center bb-top-title ult-responsive\" style=\"font-weight:normal;color:#ffffff;\">F 7<\/h2>\n\t<div class=\"mask opaque-background\" style=\"background:rgba(32,32,32,0.6);\">\n\t\t<div  data-ultimate-target='#interactive-banner-1-wrap-8456 .bb-description'  data-responsive-json-new='{\"font-size\":\"\",\"line-height\":\"\"}'  class=\"bb-description ult-responsive\" style=\"font-weight:normal;color:#ffffff;\"><\/div>\n\t<\/div><a class=\"bb-link\" href=\"#\" ><\/a>\n<\/div>\n<div id=\"interactive-banner-1-wrap-5242\" class=\"ult-banner-block ult-adjust-bottom-margin ult-bb-box  banner-style12 banniere avec-bt\"   style=\"margin-bottom:30px;\">\n\t<img decoding=\"async\" src=\"https:\/\/clt-filmfest.scopika.com\/wp-content\/uploads\/2024\/07\/img-programma-exemple-04.jpg\" alt=\"null\">\n\t<h2  data-ultimate-target='#interactive-banner-1-wrap-5242 .bb-top-title '  data-responsive-json-new='{\"font-size\":\"\",\"line-height\":\"\"}'  class=\"title-center bb-top-title ult-responsive\" style=\"font-weight:normal;color:#ffffff;\">F 11<\/h2>\n\t<div class=\"mask opaque-background\" style=\"background:rgba(32,32,32,0.6);\">\n\t\t<div  data-ultimate-target='#interactive-banner-1-wrap-5242 .bb-description'  data-responsive-json-new='{\"font-size\":\"\",\"line-height\":\"\"}'  class=\"bb-description ult-responsive\" style=\"font-weight:normal;color:#ffffff;\"><\/div>\n\t<\/div><a class=\"bb-link\" href=\"#\" ><\/a>\n<\/div>[\/vc_column_inner][vc_column_inner width=&#8221;1\/4&#8243;]\n<div id=\"interactive-banner-1-wrap-6227\" class=\"ult-banner-block ult-adjust-bottom-margin ult-bb-box  banner-style12 banniere avec-bt\"   style=\"margin-bottom:30px;\">\n\t<img decoding=\"async\" src=\"https:\/\/clt-filmfest.scopika.com\/wp-content\/uploads\/2024\/07\/img-programma-exemple-02.jpg\" alt=\"null\">\n\t<h2  data-ultimate-target='#interactive-banner-1-wrap-6227 .bb-top-title '  data-responsive-json-new='{\"font-size\":\"\",\"line-height\":\"\"}'  class=\"title-center bb-top-title ult-responsive\" style=\"font-weight:normal;color:#ffffff;\">F 4<\/h2>\n\t<div class=\"mask opaque-background\" style=\"background:rgba(32,32,32,0.6);\">\n\t\t<div  data-ultimate-target='#interactive-banner-1-wrap-6227 .bb-description'  data-responsive-json-new='{\"font-size\":\"\",\"line-height\":\"\"}'  class=\"bb-description ult-responsive\" style=\"font-weight:normal;color:#ffffff;\"><\/div>\n\t<\/div><a class=\"bb-link\" href=\"#\" ><\/a>\n<\/div>\n<div id=\"interactive-banner-1-wrap-7207\" class=\"ult-banner-block ult-adjust-bottom-margin ult-bb-box  banner-style12 banniere avec-bt\"   style=\"margin-bottom:30px;\">\n\t<img decoding=\"async\" src=\"https:\/\/clt-filmfest.scopika.com\/wp-content\/uploads\/2024\/07\/img-programma-exemple-02.jpg\" alt=\"null\">\n\t<h2  data-ultimate-target='#interactive-banner-1-wrap-7207 .bb-top-title '  data-responsive-json-new='{\"font-size\":\"\",\"line-height\":\"\"}'  class=\"title-center bb-top-title ult-responsive\" style=\"font-weight:normal;color:#ffffff;\">F 8<\/h2>\n\t<div class=\"mask opaque-background\" style=\"background:rgba(32,32,32,0.6);\">\n\t\t<div  data-ultimate-target='#interactive-banner-1-wrap-7207 .bb-description'  data-responsive-json-new='{\"font-size\":\"\",\"line-height\":\"\"}'  class=\"bb-description ult-responsive\" style=\"font-weight:normal;color:#ffffff;\"><\/div>\n\t<\/div><a class=\"bb-link\" href=\"#\" ><\/a>\n<\/div>[\/vc_column_inner][\/vc_row_inner][\/vc_column][\/vc_row][vc_row][vc_column width=&#8221;1\/3&#8243;]<div class=\"stats-block stats-top  \"><div class=\"aio-icon-top\"><div class=\"ult-just-icon-wrapper  \"><div class=\"align-icon\" style=\"text-align:center;\"><\/div><\/div><\/div><div class=\"stats-desc\" id=\"counter-responsv-wrap-5965\"><div id=\"counter_46724157869e18352ce01b\" data-id=\"counter_46724157869e18352ce01b\"  data-ultimate-target='#counter-responsv-wrap-5965 .stats-number'  data-responsive-json-new='{\"font-size\":\"\",\"line-height\":\"\"}'  class=\"stats-number ult-responsive\" style=\"font-size:28px;  \" data-speed=\"2\" data-counter-value=\"47\" data-separator=\",\" data-decimal=\".\">0<\/div><div class=\"counter_suffix mycust ult-responsive\"  data-ultimate-target='#counter-responsv-wrap-5965 .mycust'  data-responsive-json-new='{\"font-size\":\"\",\"line-height\":\"\"}'  style=\"font-size:28px; color:\">th<\/div><div id=\"title-counter_46724157869e18352ce01b\"  data-ultimate-target='#counter-responsv-wrap-5965 .stats-text'  data-responsive-json-new='{\"font-size\":\"\",\"line-height\":\"\"}'  class=\"stats-text ult-responsive\" style=\"font-size:18px;  \">edition<\/div><\/div><\/div>[\/vc_column][vc_column width=&#8221;1\/3&#8243;]<div class=\"stats-block stats-top  \"><div class=\"aio-icon-top\"><div class=\"ult-just-icon-wrapper  \"><div class=\"align-icon\" style=\"text-align:center;\"><\/div><\/div><\/div><div class=\"stats-desc\" id=\"counter-responsv-wrap-8223\"><div id=\"counter_119055125569e18352ce09b\" data-id=\"counter_119055125569e18352ce09b\"  data-ultimate-target='#counter-responsv-wrap-8223 .stats-number'  data-responsive-json-new='{\"font-size\":\"\",\"line-height\":\"\"}'  class=\"stats-number ult-responsive\" style=\"font-size:28px;  \" data-speed=\"2\" data-counter-value=\"11\" data-separator=\",\" data-decimal=\".\">0<\/div><div id=\"title-counter_119055125569e18352ce09b\"  data-ultimate-target='#counter-responsv-wrap-8223 .stats-text'  data-responsive-json-new='{\"font-size\":\"\",\"line-height\":\"\"}'  class=\"stats-text ult-responsive\" style=\"font-size:18px;  \">Programmes<\/div><\/div><\/div>[\/vc_column][vc_column width=&#8221;1\/3&#8243;]<div class=\"stats-block stats-top  \"><div class=\"aio-icon-top\"><div class=\"ult-just-icon-wrapper  \"><div class=\"align-icon\" style=\"text-align:center;\"><\/div><\/div><\/div><div class=\"stats-desc\" id=\"counter-responsv-wrap-5368\"><div id=\"counter_174384198669e18352ce10b\" data-id=\"counter_174384198669e18352ce10b\"  data-ultimate-target='#counter-responsv-wrap-5368 .stats-number'  data-responsive-json-new='{\"font-size\":\"\",\"line-height\":\"\"}'  class=\"stats-number ult-responsive\" style=\"font-size:28px;  \" data-speed=\"2\" data-counter-value=\"1903\" data-separator=\",\" data-decimal=\".\">0<\/div><div id=\"title-counter_174384198669e18352ce10b\"  data-ultimate-target='#counter-responsv-wrap-5368 .stats-text'  data-responsive-json-new='{\"font-size\":\"\",\"line-height\":\"\"}'  class=\"stats-text ult-responsive\" style=\"font-size:18px;  \">Films submitted<\/div><\/div><\/div>[\/vc_column][\/vc_row][vc_row][vc_column][vc_separator border_width=&#8221;2&#8243; css=&#8221;&#8221;][vc_column_text css=&#8221;&#8221;]<\/p>\n<h4 class=\"p1\">Competition coordination<\/h4>\n<p class=\"p1\">St\u00e9phane Souillat<br \/>\n<a href=\"mailto:s.souillat@clermont-filmfest.org\">s.souillat@clermont-filmfest.org<\/a><\/p>\n<p>[\/vc_column_text][vc_column_text css=&#8221;&#8221;]<\/p>\n<h4 class=\"p1\">National Competition selection committee<\/h4>\n<p class=\"p1\">Fanny Barrot, Marie-Laure Boukredine, Marie Cordier, S\u00e9bastien Duclocher, J\u00e9r\u00e9my Laurichesse, Sarah Momesso, Bertrand Rouchit, St\u00e9phane Souillat, J\u00e9r\u00f4me Ters, Laura Thomasset.<\/p>\n<p>[\/vc_column_text]<div class=\"ult-spacer spacer-69e18352ce130\" data-id=\"69e18352ce130\" data-height=\"30\" data-height-mobile=\"30\" data-height-tab=\"30\" data-height-tab-portrait=\"\" data-height-mobile-landscape=\"\" style=\"clear:both;display:block;\"><\/div>[\/vc_column][\/vc_row]<\/p>\n<\/div>","protected":false},"excerpt":{"rendered":"<p>[vc_row][vc_column][vc_column_text css=&#8221;.vc_custom_1731863920808{margin-bottom: 30px !important;}&#8221;] French films in official competition [\/vc_column_text][vc_column_text css=&#8221;.vc_custom_1731863926409{margin-bottom: 30px !important;}&#8221; el_class=&#8221;intro&#8221;] The National Competition showcases the best of French production over the past year, with 10 programmes of short films from all genres and backgrounds. Two French films are also part of the international competition. [\/vc_column_text][vc_column_text css=&#8221;&#8221;] Selection in progress. The films [&hellip;]<\/p>\n","protected":false},"author":4,"featured_media":0,"parent":37627,"menu_order":0,"comment_status":"closed","ping_status":"closed","template":"","meta":{"_acf_changed":false,"footnotes":""},"class_list":["post-14742","page","type-page","status-publish","hentry"],"acf":[],"yoast_head":"<!-- This site is optimized with the Yoast SEO plugin v23.9 - https:\/\/yoast.com\/wordpress\/plugins\/seo\/ -->\n<title>National Competition - Festival international du court-m\u00e9trage<\/title>\n<meta name=\"robots\" content=\"noindex, follow, max-snippet:-1, max-image-preview:large, max-video-preview:-1\" \/>\n<meta property=\"og:locale\" content=\"en_US\" \/>\n<meta property=\"og:type\" content=\"article\" \/>\n<meta property=\"og:title\" content=\"National Competition - Festival international du court-m\u00e9trage\" \/>\n<meta property=\"og:description\" content=\"[vc_row][vc_column][vc_column_text css=&#8221;.vc_custom_1731863920808{margin-bottom: 30px !important;}&#8221;] French films in official competition [\/vc_column_text][vc_column_text css=&#8221;.vc_custom_1731863926409{margin-bottom: 30px !important;}&#8221; el_class=&#8221;intro&#8221;] The National Competition showcases the best of French production over the past year, with 10 programmes of short films from all genres and backgrounds. Two French films are also part of the international competition. [\/vc_column_text][vc_column_text css=&#8221;&#8221;] Selection in progress. The films [&hellip;]\" \/>\n<meta property=\"og:url\" content=\"https:\/\/clt-filmfest.scopika.com\/en\/programs\/national-competition\/\" \/>\n<meta property=\"og:site_name\" content=\"Festival international du court-m\u00e9trage\" \/>\n<meta property=\"article:modified_time\" content=\"2024-11-17T17:20:24+00:00\" \/>\n<meta name=\"twitter:card\" content=\"summary_large_image\" \/>\n<meta name=\"twitter:label1\" content=\"Est. reading time\" \/>\n\t<meta name=\"twitter:data1\" content=\"2 minutes\" \/>\n<script type=\"application\/ld+json\" class=\"yoast-schema-graph\">{\"@context\":\"https:\/\/schema.org\",\"@graph\":[{\"@type\":\"WebPage\",\"@id\":\"https:\/\/clt-filmfest.scopika.com\/en\/programs\/national-competition\/\",\"url\":\"https:\/\/clt-filmfest.scopika.com\/en\/programs\/national-competition\/\",\"name\":\"National Competition - Festival international du court-m\u00e9trage\",\"isPartOf\":{\"@id\":\"https:\/\/clt-filmfest.scopika.com\/en\/#website\"},\"datePublished\":\"2024-11-17T17:19:41+00:00\",\"dateModified\":\"2024-11-17T17:20:24+00:00\",\"breadcrumb\":{\"@id\":\"https:\/\/clt-filmfest.scopika.com\/en\/programs\/national-competition\/#breadcrumb\"},\"inLanguage\":\"en-US\",\"potentialAction\":[{\"@type\":\"ReadAction\",\"target\":[\"https:\/\/clt-filmfest.scopika.com\/en\/programs\/national-competition\/\"]}]},{\"@type\":\"BreadcrumbList\",\"@id\":\"https:\/\/clt-filmfest.scopika.com\/en\/programs\/national-competition\/#breadcrumb\",\"itemListElement\":[{\"@type\":\"ListItem\",\"position\":1,\"name\":\"Home\",\"item\":\"https:\/\/clt-filmfest.scopika.com\/en\/\"},{\"@type\":\"ListItem\",\"position\":2,\"name\":\"National Competition\"}]},{\"@type\":\"WebSite\",\"@id\":\"https:\/\/clt-filmfest.scopika.com\/en\/#website\",\"url\":\"https:\/\/clt-filmfest.scopika.com\/en\/\",\"name\":\"Festival international du court-m\u00e9trage\",\"description\":\"Le slogan du site\",\"potentialAction\":[{\"@type\":\"SearchAction\",\"target\":{\"@type\":\"EntryPoint\",\"urlTemplate\":\"https:\/\/clt-filmfest.scopika.com\/en\/?s={search_term_string}\"},\"query-input\":{\"@type\":\"PropertyValueSpecification\",\"valueRequired\":true,\"valueName\":\"search_term_string\"}}],\"inLanguage\":\"en-US\"}]}<\/script>\n<!-- \/ Yoast SEO plugin. -->","yoast_head_json":{"title":"National Competition - Festival international du court-m\u00e9trage","robots":{"index":"noindex","follow":"follow","max-snippet":"max-snippet:-1","max-image-preview":"max-image-preview:large","max-video-preview":"max-video-preview:-1"},"og_locale":"en_US","og_type":"article","og_title":"National Competition - Festival international du court-m\u00e9trage","og_description":"[vc_row][vc_column][vc_column_text css=&#8221;.vc_custom_1731863920808{margin-bottom: 30px !important;}&#8221;] French films in official competition [\/vc_column_text][vc_column_text css=&#8221;.vc_custom_1731863926409{margin-bottom: 30px !important;}&#8221; el_class=&#8221;intro&#8221;] The National Competition showcases the best of French production over the past year, with 10 programmes of short films from all genres and backgrounds. Two French films are also part of the international competition. [\/vc_column_text][vc_column_text css=&#8221;&#8221;] Selection in progress. The films [&hellip;]","og_url":"https:\/\/clt-filmfest.scopika.com\/en\/programs\/national-competition\/","og_site_name":"Festival international du court-m\u00e9trage","article_modified_time":"2024-11-17T17:20:24+00:00","twitter_card":"summary_large_image","twitter_misc":{"Est. reading time":"2 minutes"},"schema":{"@context":"https:\/\/schema.org","@graph":[{"@type":"WebPage","@id":"https:\/\/clt-filmfest.scopika.com\/en\/programs\/national-competition\/","url":"https:\/\/clt-filmfest.scopika.com\/en\/programs\/national-competition\/","name":"National Competition - Festival international du court-m\u00e9trage","isPartOf":{"@id":"https:\/\/clt-filmfest.scopika.com\/en\/#website"},"datePublished":"2024-11-17T17:19:41+00:00","dateModified":"2024-11-17T17:20:24+00:00","breadcrumb":{"@id":"https:\/\/clt-filmfest.scopika.com\/en\/programs\/national-competition\/#breadcrumb"},"inLanguage":"en-US","potentialAction":[{"@type":"ReadAction","target":["https:\/\/clt-filmfest.scopika.com\/en\/programs\/national-competition\/"]}]},{"@type":"BreadcrumbList","@id":"https:\/\/clt-filmfest.scopika.com\/en\/programs\/national-competition\/#breadcrumb","itemListElement":[{"@type":"ListItem","position":1,"name":"Home","item":"https:\/\/clt-filmfest.scopika.com\/en\/"},{"@type":"ListItem","position":2,"name":"National Competition"}]},{"@type":"WebSite","@id":"https:\/\/clt-filmfest.scopika.com\/en\/#website","url":"https:\/\/clt-filmfest.scopika.com\/en\/","name":"Festival international du court-m\u00e9trage","description":"Le slogan du site","potentialAction":[{"@type":"SearchAction","target":{"@type":"EntryPoint","urlTemplate":"https:\/\/clt-filmfest.scopika.com\/en\/?s={search_term_string}"},"query-input":{"@type":"PropertyValueSpecification","valueRequired":true,"valueName":"search_term_string"}}],"inLanguage":"en-US"}]}},"_links":{"self":[{"href":"https:\/\/clt-filmfest.scopika.com\/en\/wp-json\/wp\/v2\/pages\/14742","targetHints":{"allow":["GET"]}}],"collection":[{"href":"https:\/\/clt-filmfest.scopika.com\/en\/wp-json\/wp\/v2\/pages"}],"about":[{"href":"https:\/\/clt-filmfest.scopika.com\/en\/wp-json\/wp\/v2\/types\/page"}],"author":[{"embeddable":true,"href":"https:\/\/clt-filmfest.scopika.com\/en\/wp-json\/wp\/v2\/users\/4"}],"replies":[{"embeddable":true,"href":"https:\/\/clt-filmfest.scopika.com\/en\/wp-json\/wp\/v2\/comments?post=14742"}],"version-history":[{"count":2,"href":"https:\/\/clt-filmfest.scopika.com\/en\/wp-json\/wp\/v2\/pages\/14742\/revisions"}],"predecessor-version":[{"id":14744,"href":"https:\/\/clt-filmfest.scopika.com\/en\/wp-json\/wp\/v2\/pages\/14742\/revisions\/14744"}],"up":[{"embeddable":true,"href":"https:\/\/clt-filmfest.scopika.com\/en\/wp-json\/wp\/v2\/pages\/37627"}],"wp:attachment":[{"href":"https:\/\/clt-filmfest.scopika.com\/en\/wp-json\/wp\/v2\/media?parent=14742"}],"curies":[{"name":"wp","href":"https:\/\/api.w.org\/{rel}","templated":true}]}}