{"id":37627,"date":"2024-11-28T11:31:35","date_gmt":"2024-11-28T10:31:35","guid":{"rendered":"https:\/\/clt-filmfest.scopika.com\/?page_id=37627"},"modified":"2024-11-28T11:31:35","modified_gmt":"2024-11-28T10:31:35","slug":"programs","status":"publish","type":"page","link":"https:\/\/clt-filmfest.scopika.com\/en\/programs\/","title":{"rendered":"Programs"},"content":{"rendered":"<div class=\"wpb-content-wrapper\"><p>[vc_row][vc_column]<div class=\"ult-spacer spacer-69e372a5d04a6\" data-id=\"69e372a5d04a6\" data-height=\"50\" data-height-mobile=\"50\" data-height-tab=\"50\" data-height-tab-portrait=\"\" data-height-mobile-landscape=\"\" style=\"clear:both;display:block;\"><\/div>[vc_row_inner][vc_column_inner]\n<div id=\"interactive-banner-1-wrap-6025\" class=\"ult-banner-block ult-adjust-bottom-margin ult-bb-none  banner-style12 banniere avec-bt\"   style=\"\">\n\t<img decoding=\"async\" src=\"https:\/\/clt-filmfest.scopika.com\/wp-content\/uploads\/2024\/11\/Picto_grille.jpg\" alt=\"null\">\n\t<h3  data-ultimate-target='#interactive-banner-1-wrap-6025 .bb-top-title '  data-responsive-json-new='{\"font-size\":\"\",\"line-height\":\"\"}'  class=\"title-center bb-top-title ult-responsive\" style=\"font-weight:normal;background:#24242400;color:#ffffff;\">Screening schedule<i>Available soon<\/h3>\n\t<div class=\"mask opaque-background\" style=\"background:#20202099;\">\n\t\t<div  data-ultimate-target='#interactive-banner-1-wrap-6025 .bb-description'  data-responsive-json-new='{\"font-size\":\"\",\"line-height\":\"\"}'  class=\"bb-description ult-responsive\" style=\"font-weight:normal;color:#ffffff;\"><\/div>\n\t<\/div>\n<\/div>[\/vc_column_inner][\/vc_row_inner][vc_row_inner][vc_column_inner width=&#8221;1\/2&#8243;]\n<div id=\"interactive-banner-1-wrap-2136\" class=\"ult-banner-block ult-adjust-bottom-margin ult-bb-none  banner-style12 banniere avec-bt\"   style=\"\">\n\t<img decoding=\"async\" src=\"https:\/\/clt-filmfest.scopika.com\/wp-content\/uploads\/2024\/11\/selectinofficielle-carre-1080x1080-1.png\" alt=\"null\">\n\t<h3  data-ultimate-target='#interactive-banner-1-wrap-2136 .bb-top-title '  data-responsive-json-new='{\"font-size\":\"\",\"line-height\":\"\"}'  class=\"title-center bb-top-title ult-responsive\" style=\"font-weight:normal;background:#24242400;color:#ffffff;\">Official selection<i>Available soon<\/h3>\n\t<div class=\"mask opaque-background\" style=\"background:#20202099;\">\n\t\t<div  data-ultimate-target='#interactive-banner-1-wrap-2136 .bb-description'  data-responsive-json-new='{\"font-size\":\"\",\"line-height\":\"\"}'  class=\"bb-description ult-responsive\" style=\"font-weight:normal;color:#ffffff;\"><\/div>\n\t<\/div>\n<\/div>\n<div id=\"interactive-banner-1-wrap-5807\" class=\"ult-banner-block ult-adjust-bottom-margin ult-bb-none  banner-style12 banniere avec-bt\"   style=\"\">\n\t<img decoding=\"async\" src=\"https:\/\/clt-filmfest.scopika.com\/wp-content\/uploads\/2024\/10\/cocteau-1920x500-1.png\" alt=\"Des laur\u00e9at\u00b7e\u00b7s, remettant\u00b7e\u00b7s et jur\u00e9\u00b7e\u00b7s de dos, sur la sc\u00e8ne de Cocteau, pendant la photo finale, sous les confettis, durant la c\u00e9r\u00e9monie de cl\u00f4ture\">\n\t<h3  data-ultimate-target='#interactive-banner-1-wrap-5807 .bb-top-title '  data-responsive-json-new='{\"font-size\":\"\",\"line-height\":\"\"}'  class=\"title-center bb-top-title ult-responsive\" style=\"font-weight:normal;background:#24242400;color:#ffffff;\">Special screenings<i>Available soon<\/h3>\n\t<div class=\"mask opaque-background\" style=\"background:#20202099;\">\n\t\t<div  data-ultimate-target='#interactive-banner-1-wrap-5807 .bb-description'  data-responsive-json-new='{\"font-size\":\"\",\"line-height\":\"\"}'  class=\"bb-description ult-responsive\" style=\"font-weight:normal;color:#ffffff;\"><\/div>\n\t<\/div>\n<\/div>[\/vc_column_inner][vc_column_inner width=&#8221;1\/2&#8243;]\n<div id=\"interactive-banner-1-wrap-7686\" class=\"ult-banner-block ult-adjust-bottom-margin ult-bb-none  banner-style12 banniere avec-bt\"   style=\"\">\n\t<img decoding=\"async\" src=\"https:\/\/clt-filmfest.scopika.com\/wp-content\/uploads\/2024\/10\/banniere_inscriptions.jpg\" alt=\"null\">\n\t<h3  data-ultimate-target='#interactive-banner-1-wrap-7686 .bb-top-title '  data-responsive-json-new='{\"font-size\":\"\",\"line-height\":\"\"}'  class=\"title-center bb-top-title ult-responsive\" style=\"font-weight:normal;background:#24242400;color:#ffffff;\">Invitations<i>Available soon<\/h3>\n\t<div class=\"mask opaque-background\" style=\"background:#20202099;\">\n\t\t<div  data-ultimate-target='#interactive-banner-1-wrap-7686 .bb-description'  data-responsive-json-new='{\"font-size\":\"\",\"line-height\":\"\"}'  class=\"bb-description ult-responsive\" style=\"font-weight:normal;color:#ffffff;\"><\/div>\n\t<\/div>\n<\/div>\n<div id=\"interactive-banner-1-wrap-3047\" class=\"ult-banner-block ult-adjust-bottom-margin ult-bb-box  banner-style12 banniere avec-bt\"   style=\"\">\n\t<img decoding=\"async\" src=\"https:\/\/clt-filmfest.scopika.com\/wp-content\/uploads\/2024\/11\/LB4_web.jpg\" alt=\"Vignette Programme Liban 4\">\n\t<h3  data-ultimate-target='#interactive-banner-1-wrap-3047 .bb-top-title '  data-responsive-json-new='{\"font-size\":\"\",\"line-height\":\"\"}'  class=\"title-center bb-top-title ult-responsive\" style=\"font-weight:normal;background:#24242400;color:#ffffff;\">Panorama<\/h3>\n\t<div class=\"mask opaque-background\" style=\"background:#20202099;\">\n\t\t<div  data-ultimate-target='#interactive-banner-1-wrap-3047 .bb-description'  data-responsive-json-new='{\"font-size\":\"\",\"line-height\":\"\"}'  class=\"bb-description ult-responsive\" style=\"font-weight:normal;color:#ffffff;\"><\/div>\n\t<\/div><a class=\"bb-link\" href=\"https:\/\/clt-filmfest.scopika.com\/en\/panorama\/\" title=\"Comp\u00e9tition inter\" ><\/a>\n<\/div>[\/vc_column_inner][\/vc_row_inner]<div class=\"ult-spacer spacer-69e372a5d0ef9\" data-id=\"69e372a5d0ef9\" data-height=\"50\" data-height-mobile=\"50\" data-height-tab=\"50\" data-height-tab-portrait=\"\" data-height-mobile-landscape=\"\" style=\"clear:both;display:block;\"><\/div>[\/vc_column][\/vc_row][vc_row][vc_column][vc_column_text]<\/i><\/i><\/i>[\/vc_column_text][\/vc_column][\/vc_row][vc_row][vc_column][vc_column_text]<\/i>[\/vc_column_text][\/vc_column][\/vc_row]<\/p>\n<\/div>","protected":false},"excerpt":{"rendered":"<p>[vc_row][vc_column][vc_row_inner][vc_column_inner][\/vc_column_inner][\/vc_row_inner][vc_row_inner][vc_column_inner width=&#8221;1\/2&#8243;][\/vc_column_inner][vc_column_inner width=&#8221;1\/2&#8243;][\/vc_column_inner][\/vc_row_inner][\/vc_column][\/vc_row][vc_row][vc_column][vc_column_text][\/vc_column_text][\/vc_column][\/vc_row][vc_row][vc_column][vc_column_text][\/vc_column_text][\/vc_column][\/vc_row]<\/p>\n","protected":false},"author":4,"featured_media":0,"parent":0,"menu_order":0,"comment_status":"closed","ping_status":"closed","template":"","meta":{"_acf_changed":false,"footnotes":""},"class_list":["post-37627","page","type-page","status-publish","hentry"],"acf":[],"yoast_head":"<!-- This site is optimized with the Yoast SEO plugin v23.9 - https:\/\/yoast.com\/wordpress\/plugins\/seo\/ -->\n<title>Programs - Festival international du court-m\u00e9trage<\/title>\n<meta name=\"robots\" content=\"noindex, follow, max-snippet:-1, max-image-preview:large, max-video-preview:-1\" \/>\n<meta property=\"og:locale\" content=\"en_US\" \/>\n<meta property=\"og:type\" content=\"article\" \/>\n<meta property=\"og:title\" content=\"Programs - Festival international du court-m\u00e9trage\" \/>\n<meta property=\"og:description\" content=\"[vc_row][vc_column][vc_row_inner][vc_column_inner][\/vc_column_inner][\/vc_row_inner][vc_row_inner][vc_column_inner width=&#8221;1\/2&#8243;][\/vc_column_inner][vc_column_inner width=&#8221;1\/2&#8243;][\/vc_column_inner][\/vc_row_inner][\/vc_column][\/vc_row][vc_row][vc_column][vc_column_text][\/vc_column_text][\/vc_column][\/vc_row][vc_row][vc_column][vc_column_text][\/vc_column_text][\/vc_column][\/vc_row]\" \/>\n<meta property=\"og:url\" content=\"https:\/\/clt-filmfest.scopika.com\/en\/programs\/\" \/>\n<meta property=\"og:site_name\" content=\"Festival international du court-m\u00e9trage\" \/>\n<meta name=\"twitter:card\" content=\"summary_large_image\" \/>\n<meta name=\"twitter:label1\" content=\"Est. reading time\" \/>\n\t<meta name=\"twitter:data1\" content=\"1 minute\" \/>\n<script type=\"application\/ld+json\" class=\"yoast-schema-graph\">{\"@context\":\"https:\/\/schema.org\",\"@graph\":[{\"@type\":\"WebPage\",\"@id\":\"https:\/\/clt-filmfest.scopika.com\/en\/programs\/\",\"url\":\"https:\/\/clt-filmfest.scopika.com\/en\/programs\/\",\"name\":\"Programs - Festival international du court-m\u00e9trage\",\"isPartOf\":{\"@id\":\"https:\/\/clt-filmfest.scopika.com\/en\/#website\"},\"datePublished\":\"2024-11-28T10:31:35+00:00\",\"dateModified\":\"2024-11-28T10:31:35+00:00\",\"breadcrumb\":{\"@id\":\"https:\/\/clt-filmfest.scopika.com\/en\/programs\/#breadcrumb\"},\"inLanguage\":\"en-US\",\"potentialAction\":[{\"@type\":\"ReadAction\",\"target\":[\"https:\/\/clt-filmfest.scopika.com\/en\/programs\/\"]}]},{\"@type\":\"BreadcrumbList\",\"@id\":\"https:\/\/clt-filmfest.scopika.com\/en\/programs\/#breadcrumb\",\"itemListElement\":[{\"@type\":\"ListItem\",\"position\":1,\"name\":\"Home\",\"item\":\"https:\/\/clt-filmfest.scopika.com\/en\/\"},{\"@type\":\"ListItem\",\"position\":2,\"name\":\"Programs\"}]},{\"@type\":\"WebSite\",\"@id\":\"https:\/\/clt-filmfest.scopika.com\/en\/#website\",\"url\":\"https:\/\/clt-filmfest.scopika.com\/en\/\",\"name\":\"Festival international du court-m\u00e9trage\",\"description\":\"Le slogan du site\",\"potentialAction\":[{\"@type\":\"SearchAction\",\"target\":{\"@type\":\"EntryPoint\",\"urlTemplate\":\"https:\/\/clt-filmfest.scopika.com\/en\/?s={search_term_string}\"},\"query-input\":{\"@type\":\"PropertyValueSpecification\",\"valueRequired\":true,\"valueName\":\"search_term_string\"}}],\"inLanguage\":\"en-US\"}]}<\/script>\n<!-- \/ Yoast SEO plugin. -->","yoast_head_json":{"title":"Programs - Festival international du court-m\u00e9trage","robots":{"index":"noindex","follow":"follow","max-snippet":"max-snippet:-1","max-image-preview":"max-image-preview:large","max-video-preview":"max-video-preview:-1"},"og_locale":"en_US","og_type":"article","og_title":"Programs - Festival international du court-m\u00e9trage","og_description":"[vc_row][vc_column][vc_row_inner][vc_column_inner][\/vc_column_inner][\/vc_row_inner][vc_row_inner][vc_column_inner width=&#8221;1\/2&#8243;][\/vc_column_inner][vc_column_inner width=&#8221;1\/2&#8243;][\/vc_column_inner][\/vc_row_inner][\/vc_column][\/vc_row][vc_row][vc_column][vc_column_text][\/vc_column_text][\/vc_column][\/vc_row][vc_row][vc_column][vc_column_text][\/vc_column_text][\/vc_column][\/vc_row]","og_url":"https:\/\/clt-filmfest.scopika.com\/en\/programs\/","og_site_name":"Festival international du court-m\u00e9trage","twitter_card":"summary_large_image","twitter_misc":{"Est. reading time":"1 minute"},"schema":{"@context":"https:\/\/schema.org","@graph":[{"@type":"WebPage","@id":"https:\/\/clt-filmfest.scopika.com\/en\/programs\/","url":"https:\/\/clt-filmfest.scopika.com\/en\/programs\/","name":"Programs - Festival international du court-m\u00e9trage","isPartOf":{"@id":"https:\/\/clt-filmfest.scopika.com\/en\/#website"},"datePublished":"2024-11-28T10:31:35+00:00","dateModified":"2024-11-28T10:31:35+00:00","breadcrumb":{"@id":"https:\/\/clt-filmfest.scopika.com\/en\/programs\/#breadcrumb"},"inLanguage":"en-US","potentialAction":[{"@type":"ReadAction","target":["https:\/\/clt-filmfest.scopika.com\/en\/programs\/"]}]},{"@type":"BreadcrumbList","@id":"https:\/\/clt-filmfest.scopika.com\/en\/programs\/#breadcrumb","itemListElement":[{"@type":"ListItem","position":1,"name":"Home","item":"https:\/\/clt-filmfest.scopika.com\/en\/"},{"@type":"ListItem","position":2,"name":"Programs"}]},{"@type":"WebSite","@id":"https:\/\/clt-filmfest.scopika.com\/en\/#website","url":"https:\/\/clt-filmfest.scopika.com\/en\/","name":"Festival international du court-m\u00e9trage","description":"Le slogan du site","potentialAction":[{"@type":"SearchAction","target":{"@type":"EntryPoint","urlTemplate":"https:\/\/clt-filmfest.scopika.com\/en\/?s={search_term_string}"},"query-input":{"@type":"PropertyValueSpecification","valueRequired":true,"valueName":"search_term_string"}}],"inLanguage":"en-US"}]}},"_links":{"self":[{"href":"https:\/\/clt-filmfest.scopika.com\/en\/wp-json\/wp\/v2\/pages\/37627","targetHints":{"allow":["GET"]}}],"collection":[{"href":"https:\/\/clt-filmfest.scopika.com\/en\/wp-json\/wp\/v2\/pages"}],"about":[{"href":"https:\/\/clt-filmfest.scopika.com\/en\/wp-json\/wp\/v2\/types\/page"}],"author":[{"embeddable":true,"href":"https:\/\/clt-filmfest.scopika.com\/en\/wp-json\/wp\/v2\/users\/4"}],"replies":[{"embeddable":true,"href":"https:\/\/clt-filmfest.scopika.com\/en\/wp-json\/wp\/v2\/comments?post=37627"}],"version-history":[{"count":1,"href":"https:\/\/clt-filmfest.scopika.com\/en\/wp-json\/wp\/v2\/pages\/37627\/revisions"}],"predecessor-version":[{"id":37628,"href":"https:\/\/clt-filmfest.scopika.com\/en\/wp-json\/wp\/v2\/pages\/37627\/revisions\/37628"}],"wp:attachment":[{"href":"https:\/\/clt-filmfest.scopika.com\/en\/wp-json\/wp\/v2\/media?parent=37627"}],"curies":[{"name":"wp","href":"https:\/\/api.w.org\/{rel}","templated":true}]}}