{"id":37762,"date":"2024-11-29T16:02:00","date_gmt":"2024-11-29T15:02:00","guid":{"rendered":"https:\/\/clt-filmfest.scopika.com\/?page_id=37762"},"modified":"2024-12-02T16:36:23","modified_gmt":"2024-12-02T15:36:23","slug":"events","status":"publish","type":"page","link":"https:\/\/clt-filmfest.scopika.com\/en\/events\/","title":{"rendered":"Events"},"content":{"rendered":"<div class=\"wpb-content-wrapper\"><p>[vc_row][vc_column]<div class=\"ult-spacer spacer-69e170d76b6b7\" data-id=\"69e170d76b6b7\" data-height=\"50\" data-height-mobile=\"50\" data-height-tab=\"50\" data-height-tab-portrait=\"\" data-height-mobile-landscape=\"\" style=\"clear:both;display:block;\"><\/div>[vc_row_inner][vc_column_inner]\n<div id=\"interactive-banner-1-wrap-4707\" class=\"ult-banner-block ult-adjust-bottom-margin ult-bb-box  banner-style12 banniere avec-bt\"   style=\"\">\n\t<img decoding=\"async\" src=\"https:\/\/clt-filmfest.scopika.com\/wp-content\/uploads\/2024\/10\/marche-banniere.jpg\" alt=\"Des participant\u00b7e\u00b7s au March\u00e9 du Film Court applaudissent une conf\u00e9rence\">\n\t<h3  data-ultimate-target='#interactive-banner-1-wrap-4707 .bb-top-title '  data-responsive-json-new='{\"font-size\":\"\",\"line-height\":\"\"}'  class=\"title-center bb-top-title ult-responsive\" style=\"font-weight:normal;background:#24242400;color:#ffffff;\">Rencontres publiques<br \/>\n<i>bient\u00f4t disponible<\/h3>\n\t<div class=\"mask opaque-background\" style=\"background:#20202099;\">\n\t\t<div  data-ultimate-target='#interactive-banner-1-wrap-4707 .bb-description'  data-responsive-json-new='{\"font-size\":\"\",\"line-height\":\"\"}'  class=\"bb-description ult-responsive\" style=\"font-weight:normal;color:#ffffff;\"><\/div>\n\t<\/div><a class=\"bb-link\" href=\"https:\/\/clt-filmfest.scopika.com\/nos-evenements\/rencontres-publiques\/\" title=\"Rencontres publiques\" ><\/a>\n<\/div>[\/vc_column_inner][\/vc_row_inner][vc_row_inner][vc_column_inner width=&#8221;1\/2&#8243;]\n<div id=\"interactive-banner-1-wrap-6444\" class=\"ult-banner-block ult-adjust-bottom-margin ult-bb-box  banner-style12 banniere avec-bt\"   style=\"\">\n\t<img decoding=\"async\" src=\"https:\/\/clt-filmfest.scopika.com\/wp-content\/uploads\/2024\/10\/seances-micros.jpg\" alt=\"null\">\n\t<h3  data-ultimate-target='#interactive-banner-1-wrap-6444 .bb-top-title '  data-responsive-json-new='{\"font-size\":\"\",\"line-height\":\"\"}'  class=\"title-center bb-top-title ult-responsive\" style=\"font-weight:normal;background:#24242400;color:#ffffff;\">S\u00e9ances Micro<\/h3>\n\t<div class=\"mask opaque-background\" style=\"background:#20202099;\">\n\t\t<div  data-ultimate-target='#interactive-banner-1-wrap-6444 .bb-description'  data-responsive-json-new='{\"font-size\":\"\",\"line-height\":\"\"}'  class=\"bb-description ult-responsive\" style=\"font-weight:normal;color:#ffffff;\"><\/div>\n\t<\/div><a class=\"bb-link\" href=\"https:\/\/clt-filmfest.scopika.com\/nos-evenements\/seances-micros\/\" title=\"S\u00e9ances Micro\" ><\/a>\n<\/div>\n<div id=\"interactive-banner-1-wrap-5899\" class=\"ult-banner-block ult-adjust-bottom-margin ult-bb-none  banner-style12 banniere avec-bt\"   style=\"\">\n\t<img decoding=\"async\" src=\"https:\/\/clt-filmfest.scopika.com\/wp-content\/uploads\/2024\/10\/Picto_CARRE_XR.jpg\" alt=\"null\">\n\t<h3  data-ultimate-target='#interactive-banner-1-wrap-5899 .bb-top-title '  data-responsive-json-new='{\"font-size\":\"\",\"line-height\":\"\"}'  class=\"title-center bb-top-title ult-responsive\" style=\"font-weight:normal;background:#24242400;color:#ffffff;\">XR &lt;i&gt;Coming soon<\/h3>\n\t<div class=\"mask opaque-background\" style=\"background:#20202099;\">\n\t\t<div  data-ultimate-target='#interactive-banner-1-wrap-5899 .bb-description'  data-responsive-json-new='{\"font-size\":\"\",\"line-height\":\"\"}'  class=\"bb-description ult-responsive\" style=\"font-weight:normal;color:#ffffff;\"><\/div>\n\t<\/div>\n<\/div>\n<div id=\"interactive-banner-1-wrap-3385\" class=\"ult-banner-block ult-adjust-bottom-margin ult-bb-box  banner-style12 banniere avec-bt\"   style=\"\">\n\t<img decoding=\"async\" src=\"https:\/\/clt-filmfest.scopika.com\/wp-content\/uploads\/2024\/11\/Picto_PetitsAteliers.jpg\" alt=\"Un enfant participe aux Petits Ateliers\">\n\t<h3  data-ultimate-target='#interactive-banner-1-wrap-3385 .bb-top-title '  data-responsive-json-new='{\"font-size\":\"\",\"line-height\":\"\"}'  class=\"title-center bb-top-title ult-responsive\" style=\"font-weight:normal;background:#24242400;color:#ffffff;\">Les Petits Ateliers<\/h3>\n\t<div class=\"mask opaque-background\" style=\"background:#20202099;\">\n\t\t<div  data-ultimate-target='#interactive-banner-1-wrap-3385 .bb-description'  data-responsive-json-new='{\"font-size\":\"\",\"line-height\":\"\"}'  class=\"bb-description ult-responsive\" style=\"font-weight:normal;color:#ffffff;\"><\/div>\n\t<\/div><a class=\"bb-link\" href=\"https:\/\/clt-filmfest.scopika.com\/scolaires\/petits-ateliers\/\" title=\"Les Petits Ateliers\" ><\/a>\n<\/div>[\/vc_column_inner][vc_column_inner width=&#8221;1\/2&#8243;]\n<div id=\"interactive-banner-1-wrap-2033\" class=\"ult-banner-block ult-adjust-bottom-margin ult-bb-box  banner-style12 banniere avec-bt\"   style=\"\">\n\t<img decoding=\"async\" src=\"https:\/\/clt-filmfest.scopika.com\/wp-content\/uploads\/2024\/11\/Picto_Expos.jpg\" alt=\"null\">\n\t<h3  data-ultimate-target='#interactive-banner-1-wrap-2033 .bb-top-title '  data-responsive-json-new='{\"font-size\":\"\",\"line-height\":\"\"}'  class=\"title-center bb-top-title ult-responsive\" style=\"font-weight:normal;background:#24242400;color:#ffffff;\">Expositions<\/h3>\n\t<div class=\"mask opaque-background\" style=\"background:#20202099;\">\n\t\t<div  data-ultimate-target='#interactive-banner-1-wrap-2033 .bb-description'  data-responsive-json-new='{\"font-size\":\"\",\"line-height\":\"\"}'  class=\"bb-description ult-responsive\" style=\"font-weight:normal;color:#ffffff;\"><\/div>\n\t<\/div><a class=\"bb-link\" href=\"https:\/\/clt-filmfest.scopika.com\/nos-evenements\/expositions\/\" title=\"Expositions\" ><\/a>\n<\/div>\n<div id=\"interactive-banner-1-wrap-7523\" class=\"ult-banner-block ult-adjust-bottom-margin ult-bb-box  banner-style12 banniere avec-bt\"   style=\"\">\n\t<img decoding=\"async\" src=\"https:\/\/clt-filmfest.scopika.com\/wp-content\/uploads\/2024\/10\/Picto_CARRE_Atelier2_25.jpg\" alt=\"Visuel de L&#039;Atelier, \u00e9cole\u00e9ph\u00e9m\u00e8re de cin\u00e9ma 2025\">\n\t<h3  data-ultimate-target='#interactive-banner-1-wrap-7523 .bb-top-title '  data-responsive-json-new='{\"font-size\":\"\",\"line-height\":\"\"}'  class=\"title-center bb-top-title ult-responsive\" style=\"font-weight:normal;background:#24242400;color:#ffffff;\">L'Atelier<\/h3>\n\t<div class=\"mask opaque-background\" style=\"background:#20202099;\">\n\t\t<div  data-ultimate-target='#interactive-banner-1-wrap-7523 .bb-description'  data-responsive-json-new='{\"font-size\":\"\",\"line-height\":\"\"}'  class=\"bb-description ult-responsive\" style=\"font-weight:normal;color:#ffffff;\"><\/div>\n\t<\/div><a class=\"bb-link\" href=\"https:\/\/clt-filmfest.scopika.com\/scolaires\/latelier\/\" title=\"Comp\u00e9tition inter\" ><\/a>\n<\/div>\n<div id=\"interactive-banner-1-wrap-5841\" class=\"ult-banner-block ult-adjust-bottom-margin ult-bb-box  banner-style12 banniere avec-bt\"   style=\"\">\n\t<img decoding=\"async\" src=\"https:\/\/clt-filmfest.scopika.com\/wp-content\/uploads\/2024\/11\/Picto_DarkLab.jpg\" alt=\"Le Dark Lab en 2024\">\n\t<h3  data-ultimate-target='#interactive-banner-1-wrap-5841 .bb-top-title '  data-responsive-json-new='{\"font-size\":\"\",\"line-height\":\"\"}'  class=\"title-center bb-top-title ult-responsive\" style=\"font-weight:normal;background:#24242400;color:#ffffff;\">Dark Lab<\/h3>\n\t<div class=\"mask opaque-background\" style=\"background:#20202099;\">\n\t\t<div  data-ultimate-target='#interactive-banner-1-wrap-5841 .bb-description'  data-responsive-json-new='{\"font-size\":\"\",\"line-height\":\"\"}'  class=\"bb-description ult-responsive\" style=\"font-weight:normal;color:#ffffff;\"><\/div>\n\t<\/div><a class=\"bb-link\" href=\"https:\/\/clt-filmfest.scopika.com\/nos-evenements\/dark-lab\/\" title=\"Dark Lab\" ><\/a>\n<\/div>[\/vc_column_inner][\/vc_row_inner]<div class=\"ult-spacer spacer-69e170d76c4dd\" data-id=\"69e170d76c4dd\" data-height=\"50\" data-height-mobile=\"50\" data-height-tab=\"50\" data-height-tab-portrait=\"\" data-height-mobile-landscape=\"\" style=\"clear:both;display:block;\"><\/div>[\/vc_column][\/vc_row][vc_row][vc_column][vc_column_text]<\/i><\/i>[\/vc_column_text][\/vc_column][\/vc_row]<\/p>\n<\/div>","protected":false},"excerpt":{"rendered":"<p>[vc_row][vc_column][vc_row_inner][vc_column_inner][\/vc_column_inner][\/vc_row_inner][vc_row_inner][vc_column_inner width=&#8221;1\/2&#8243;][\/vc_column_inner][vc_column_inner width=&#8221;1\/2&#8243;][\/vc_column_inner][\/vc_row_inner][\/vc_column][\/vc_row][vc_row][vc_column][vc_column_text][\/vc_column_text][\/vc_column][\/vc_row]<\/p>\n","protected":false},"author":4,"featured_media":0,"parent":0,"menu_order":0,"comment_status":"closed","ping_status":"closed","template":"","meta":{"_acf_changed":false,"footnotes":""},"class_list":["post-37762","page","type-page","status-publish","hentry"],"acf":[],"yoast_head":"<!-- This site is optimized with the Yoast SEO plugin v23.9 - https:\/\/yoast.com\/wordpress\/plugins\/seo\/ -->\n<title>Events - Festival international du court-m\u00e9trage<\/title>\n<meta name=\"robots\" content=\"noindex, follow, max-snippet:-1, max-image-preview:large, max-video-preview:-1\" \/>\n<meta property=\"og:locale\" content=\"en_US\" \/>\n<meta property=\"og:type\" content=\"article\" \/>\n<meta property=\"og:title\" content=\"Events - Festival international du court-m\u00e9trage\" \/>\n<meta property=\"og:description\" content=\"[vc_row][vc_column][vc_row_inner][vc_column_inner][\/vc_column_inner][\/vc_row_inner][vc_row_inner][vc_column_inner width=&#8221;1\/2&#8243;][\/vc_column_inner][vc_column_inner width=&#8221;1\/2&#8243;][\/vc_column_inner][\/vc_row_inner][\/vc_column][\/vc_row][vc_row][vc_column][vc_column_text][\/vc_column_text][\/vc_column][\/vc_row]\" \/>\n<meta property=\"og:url\" content=\"https:\/\/clt-filmfest.scopika.com\/en\/events\/\" \/>\n<meta property=\"og:site_name\" content=\"Festival international du court-m\u00e9trage\" \/>\n<meta property=\"article:modified_time\" content=\"2024-12-02T15:36:23+00:00\" \/>\n<meta name=\"twitter:card\" content=\"summary_large_image\" \/>\n<meta name=\"twitter:label1\" content=\"Est. reading time\" \/>\n\t<meta name=\"twitter:data1\" content=\"1 minute\" \/>\n<script type=\"application\/ld+json\" class=\"yoast-schema-graph\">{\"@context\":\"https:\/\/schema.org\",\"@graph\":[{\"@type\":\"WebPage\",\"@id\":\"https:\/\/clt-filmfest.scopika.com\/en\/events\/\",\"url\":\"https:\/\/clt-filmfest.scopika.com\/en\/events\/\",\"name\":\"Events - Festival international du court-m\u00e9trage\",\"isPartOf\":{\"@id\":\"https:\/\/clt-filmfest.scopika.com\/en\/#website\"},\"datePublished\":\"2024-11-29T15:02:00+00:00\",\"dateModified\":\"2024-12-02T15:36:23+00:00\",\"breadcrumb\":{\"@id\":\"https:\/\/clt-filmfest.scopika.com\/en\/events\/#breadcrumb\"},\"inLanguage\":\"en-US\",\"potentialAction\":[{\"@type\":\"ReadAction\",\"target\":[\"https:\/\/clt-filmfest.scopika.com\/en\/events\/\"]}]},{\"@type\":\"BreadcrumbList\",\"@id\":\"https:\/\/clt-filmfest.scopika.com\/en\/events\/#breadcrumb\",\"itemListElement\":[{\"@type\":\"ListItem\",\"position\":1,\"name\":\"Home\",\"item\":\"https:\/\/clt-filmfest.scopika.com\/en\/\"},{\"@type\":\"ListItem\",\"position\":2,\"name\":\"Events\"}]},{\"@type\":\"WebSite\",\"@id\":\"https:\/\/clt-filmfest.scopika.com\/en\/#website\",\"url\":\"https:\/\/clt-filmfest.scopika.com\/en\/\",\"name\":\"Festival international du court-m\u00e9trage\",\"description\":\"Le slogan du site\",\"potentialAction\":[{\"@type\":\"SearchAction\",\"target\":{\"@type\":\"EntryPoint\",\"urlTemplate\":\"https:\/\/clt-filmfest.scopika.com\/en\/?s={search_term_string}\"},\"query-input\":{\"@type\":\"PropertyValueSpecification\",\"valueRequired\":true,\"valueName\":\"search_term_string\"}}],\"inLanguage\":\"en-US\"}]}<\/script>\n<!-- \/ Yoast SEO plugin. -->","yoast_head_json":{"title":"Events - Festival international du court-m\u00e9trage","robots":{"index":"noindex","follow":"follow","max-snippet":"max-snippet:-1","max-image-preview":"max-image-preview:large","max-video-preview":"max-video-preview:-1"},"og_locale":"en_US","og_type":"article","og_title":"Events - Festival international du court-m\u00e9trage","og_description":"[vc_row][vc_column][vc_row_inner][vc_column_inner][\/vc_column_inner][\/vc_row_inner][vc_row_inner][vc_column_inner width=&#8221;1\/2&#8243;][\/vc_column_inner][vc_column_inner width=&#8221;1\/2&#8243;][\/vc_column_inner][\/vc_row_inner][\/vc_column][\/vc_row][vc_row][vc_column][vc_column_text][\/vc_column_text][\/vc_column][\/vc_row]","og_url":"https:\/\/clt-filmfest.scopika.com\/en\/events\/","og_site_name":"Festival international du court-m\u00e9trage","article_modified_time":"2024-12-02T15:36:23+00:00","twitter_card":"summary_large_image","twitter_misc":{"Est. reading time":"1 minute"},"schema":{"@context":"https:\/\/schema.org","@graph":[{"@type":"WebPage","@id":"https:\/\/clt-filmfest.scopika.com\/en\/events\/","url":"https:\/\/clt-filmfest.scopika.com\/en\/events\/","name":"Events - Festival international du court-m\u00e9trage","isPartOf":{"@id":"https:\/\/clt-filmfest.scopika.com\/en\/#website"},"datePublished":"2024-11-29T15:02:00+00:00","dateModified":"2024-12-02T15:36:23+00:00","breadcrumb":{"@id":"https:\/\/clt-filmfest.scopika.com\/en\/events\/#breadcrumb"},"inLanguage":"en-US","potentialAction":[{"@type":"ReadAction","target":["https:\/\/clt-filmfest.scopika.com\/en\/events\/"]}]},{"@type":"BreadcrumbList","@id":"https:\/\/clt-filmfest.scopika.com\/en\/events\/#breadcrumb","itemListElement":[{"@type":"ListItem","position":1,"name":"Home","item":"https:\/\/clt-filmfest.scopika.com\/en\/"},{"@type":"ListItem","position":2,"name":"Events"}]},{"@type":"WebSite","@id":"https:\/\/clt-filmfest.scopika.com\/en\/#website","url":"https:\/\/clt-filmfest.scopika.com\/en\/","name":"Festival international du court-m\u00e9trage","description":"Le slogan du site","potentialAction":[{"@type":"SearchAction","target":{"@type":"EntryPoint","urlTemplate":"https:\/\/clt-filmfest.scopika.com\/en\/?s={search_term_string}"},"query-input":{"@type":"PropertyValueSpecification","valueRequired":true,"valueName":"search_term_string"}}],"inLanguage":"en-US"}]}},"_links":{"self":[{"href":"https:\/\/clt-filmfest.scopika.com\/en\/wp-json\/wp\/v2\/pages\/37762","targetHints":{"allow":["GET"]}}],"collection":[{"href":"https:\/\/clt-filmfest.scopika.com\/en\/wp-json\/wp\/v2\/pages"}],"about":[{"href":"https:\/\/clt-filmfest.scopika.com\/en\/wp-json\/wp\/v2\/types\/page"}],"author":[{"embeddable":true,"href":"https:\/\/clt-filmfest.scopika.com\/en\/wp-json\/wp\/v2\/users\/4"}],"replies":[{"embeddable":true,"href":"https:\/\/clt-filmfest.scopika.com\/en\/wp-json\/wp\/v2\/comments?post=37762"}],"version-history":[{"count":7,"href":"https:\/\/clt-filmfest.scopika.com\/en\/wp-json\/wp\/v2\/pages\/37762\/revisions"}],"predecessor-version":[{"id":38176,"href":"https:\/\/clt-filmfest.scopika.com\/en\/wp-json\/wp\/v2\/pages\/37762\/revisions\/38176"}],"wp:attachment":[{"href":"https:\/\/clt-filmfest.scopika.com\/en\/wp-json\/wp\/v2\/media?parent=37762"}],"curies":[{"name":"wp","href":"https:\/\/api.w.org\/{rel}","templated":true}]}}